{"id":1447,"date":"2022-07-17T16:48:29","date_gmt":"2022-07-17T14:48:29","guid":{"rendered":"https:\/\/englishbreak.eu\/en\/?page_id=1447"},"modified":"2025-07-14T09:20:19","modified_gmt":"2025-07-14T07:20:19","slug":"kursy-przygotowujace-do-egzaminow-i-certyfikatow-jezykowych","status":"publish","type":"page","link":"https:\/\/englishbreak.eu\/en\/kursy-przygotowujace-do-egzaminow-i-certyfikatow-jezykowych\/","title":{"rendered":"Kursy przygotowuj\u0105ce do egzamin\u00f3w i certyfikat\u00f3w j\u0119zykowych"},"content":{"rendered":"\t\t<div data-elementor-type=\"wp-page\" data-elementor-id=\"1447\" class=\"elementor elementor-1447\">\n\t\t\t\t\t\t<section class=\"elementor-section elementor-top-section elementor-element elementor-element-8ec61e9 elementor-section-height-min-height elementor-section-boxed elementor-section-height-default elementor-section-items-middle\" data-id=\"8ec61e9\" data-element_type=\"section\" data-e-type=\"section\" data-settings=\"{&quot;background_background&quot;:&quot;slideshow&quot;,&quot;background_slideshow_gallery&quot;:[{&quot;id&quot;:2783,&quot;url&quot;:&quot;https:\\\/\\\/englishbreak.eu\\\/en\\\/wp-content\\\/uploads\\\/2024\\\/03\\\/nauczycielka-angielskiego-prowadzi-zajecia-na-laptopie_23-2149019771.webp&quot;},{&quot;id&quot;:2784,&quot;url&quot;:&quot;https:\\\/\\\/englishbreak.eu\\\/en\\\/wp-content\\\/uploads\\\/2024\\\/03\\\/Bez-nazwy-123-01.png&quot;},{&quot;id&quot;:2782,&quot;url&quot;:&quot;https:\\\/\\\/englishbreak.eu\\\/en\\\/wp-content\\\/uploads\\\/2024\\\/03\\\/Bez-nazwy-1-01.png&quot;},{&quot;id&quot;:2781,&quot;url&quot;:&quot;https:\\\/\\\/englishbreak.eu\\\/en\\\/wp-content\\\/uploads\\\/2024\\\/03\\\/Bez-nazwy-13-01.png&quot;}],&quot;background_slideshow_slide_duration&quot;:2300,&quot;background_slideshow_loop&quot;:&quot;yes&quot;,&quot;background_slideshow_slide_transition&quot;:&quot;fade&quot;,&quot;background_slideshow_transition_duration&quot;:500}\">\n\t\t\t\t\t\t\t<div class=\"elementor-background-overlay\"><\/div>\n\t\t\t\t\t\t\t<div class=\"elementor-container elementor-column-gap-default\">\n\t\t\t\t\t<div class=\"elementor-column elementor-col-100 elementor-top-column elementor-element elementor-element-9dd0ac0\" data-id=\"9dd0ac0\" data-element_type=\"column\" data-e-type=\"column\">\n\t\t\t<div class=\"elementor-widget-wrap elementor-element-populated\">\n\t\t\t\t\t\t<div class=\"elementor-element elementor-element-0f8f083 eael-dual-header-content-align-center elementor-widget elementor-widget-eael-dual-color-header\" data-id=\"0f8f083\" data-element_type=\"widget\" data-e-type=\"widget\" data-widget_type=\"eael-dual-color-header.default\">\n\t\t\t\t<div class=\"elementor-widget-container\">\n\t\t\t\t\t\t\t\t<div class=\"eael-dual-header\">\n\t\t\t\t<h2 class=\"title eael-dch-title\"><span class=\"eael-dch-title-text eael-dch-title-lead lead solid-color\">LEARN WITH THE ENGLISH LANGUAGE EXPERTS<\/span> <span class=\"eael-dch-title-text\"><\/span><\/h2>\t\t\t\t\t<span class=\"subtext\"><p>English Break &#8211; Online Language School<\/p><\/span>\n\t\t\t\t\t\t\t<\/div>\n\n\t\t\t\t\t\t<\/div>\n\t\t\t\t<\/div>\n\t\t\t\t\t<\/div>\n\t\t<\/div>\n\t\t\t\t\t<\/div>\n\t\t<\/section>\n\t\t\t\t<section class=\"elementor-section elementor-top-section elementor-element elementor-element-44a0e4a0 elementor-section-boxed elementor-section-height-default elementor-section-height-default\" data-id=\"44a0e4a0\" data-element_type=\"section\" data-e-type=\"section\">\n\t\t\t\t\t\t<div class=\"elementor-container elementor-column-gap-default\">\n\t\t\t\t\t<div class=\"elementor-column elementor-col-50 elementor-top-column elementor-element elementor-element-f42cdc8\" data-id=\"f42cdc8\" data-element_type=\"column\" data-e-type=\"column\">\n\t\t\t<div class=\"elementor-widget-wrap elementor-element-populated\">\n\t\t\t\t\t\t<div class=\"elementor-element elementor-element-6ab7c6e9 elementor-widget elementor-widget-image\" data-id=\"6ab7c6e9\" data-element_type=\"widget\" data-e-type=\"widget\" data-widget_type=\"image.default\">\n\t\t\t\t<div class=\"elementor-widget-container\">\n\t\t\t\t\t\t\t\t\t\t\t\t\t\t\t<img fetchpriority=\"high\" decoding=\"async\" width=\"740\" height=\"488\" src=\"https:\/\/englishbreak.eu\/en\/wp-content\/uploads\/2022\/08\/nauczyciel-prowadzacy-zajecia-z-jezyka-angielskiego_23-2149402730.webp\" class=\"attachment-large size-large wp-image-2127\" alt=\"\" srcset=\"https:\/\/englishbreak.eu\/en\/wp-content\/uploads\/2022\/08\/nauczyciel-prowadzacy-zajecia-z-jezyka-angielskiego_23-2149402730.webp 740w, https:\/\/englishbreak.eu\/en\/wp-content\/uploads\/2022\/08\/nauczyciel-prowadzacy-zajecia-z-jezyka-angielskiego_23-2149402730-300x198.webp 300w\" sizes=\"(max-width: 740px) 100vw, 740px\" \/>\t\t\t\t\t\t\t\t\t\t\t\t\t\t\t<\/div>\n\t\t\t\t<\/div>\n\t\t\t\t\t<\/div>\n\t\t<\/div>\n\t\t\t\t<div class=\"elementor-column elementor-col-50 elementor-top-column elementor-element elementor-element-580fea8e\" data-id=\"580fea8e\" data-element_type=\"column\" data-e-type=\"column\">\n\t\t\t<div class=\"elementor-widget-wrap elementor-element-populated\">\n\t\t\t\t\t\t<div class=\"elementor-element elementor-element-55a7559d elementor-widget elementor-widget-heading\" data-id=\"55a7559d\" data-element_type=\"widget\" data-e-type=\"widget\" data-widget_type=\"heading.default\">\n\t\t\t\t<div class=\"elementor-widget-container\">\n\t\t\t\t\t<h2 class=\"elementor-heading-title elementor-size-default\">Preparation courses for language exams and certificates<\/h2>\t\t\t\t<\/div>\n\t\t\t\t<\/div>\n\t\t\t\t<div class=\"elementor-element elementor-element-7acf7318 elementor-widget elementor-widget-text-editor\" data-id=\"7acf7318\" data-element_type=\"widget\" data-e-type=\"widget\" data-widget_type=\"text-editor.default\">\n\t\t\t\t<div class=\"elementor-widget-container\">\n\t\t\t\t\t\t\t\t\t<p>Our offer includes courses that prepare you for IELTS (International English Language Testing System) certificates, as well as FCE (First Certificate in English), CAE (Certificate in Advanced English), CPE (Certificate of Proficiency in English), TELC (The European Language Certificates) or LCCI (London Chamber of Commerce and Industry International Qualification).<\/p><p><span style=\"font-size: inherit; text-align: inherit; letter-spacing: 0px; font-family: var(--fontFamily); font-style: var(--fontStyle, inherit); font-weight: var(--fontWeight); text-transform: var(--textTransform);\">Nowadays, knowledge of English is an essential requirement for finding gainful employment. Employers often require a proof of English proficiency in a form of a language certificate.<\/span><\/p>\t\t\t\t\t\t\t\t<\/div>\n\t\t\t\t<\/div>\n\t\t\t\t\t<\/div>\n\t\t<\/div>\n\t\t\t\t\t<\/div>\n\t\t<\/section>\n\t\t\t\t<section class=\"elementor-section elementor-top-section elementor-element elementor-element-5a37a28e elementor-section-boxed elementor-section-height-default elementor-section-height-default\" data-id=\"5a37a28e\" data-element_type=\"section\" data-e-type=\"section\" data-settings=\"{&quot;background_background&quot;:&quot;gradient&quot;}\">\n\t\t\t\t\t\t<div class=\"elementor-container elementor-column-gap-default\">\n\t\t\t\t\t<div class=\"elementor-column elementor-col-50 elementor-top-column elementor-element elementor-element-3c81b7cc\" data-id=\"3c81b7cc\" data-element_type=\"column\" data-e-type=\"column\">\n\t\t\t<div class=\"elementor-widget-wrap elementor-element-populated\">\n\t\t\t\t\t\t<div class=\"elementor-element elementor-element-67ff870b elementor-widget elementor-widget-text-editor\" data-id=\"67ff870b\" data-element_type=\"widget\" data-e-type=\"widget\" data-widget_type=\"text-editor.default\">\n\t\t\t\t<div class=\"elementor-widget-container\">\n\t\t\t\t\t\t\t\t\t<p>Our courses will prepare you for the structure of these language exams by familiarising you with appropriate exercises and tests.<\/p><p>As part of this detailed and thorough exam preparation, we also take care to develop your ability to speak English fluently. Therefore, if you are thinking of migrating for employment, or wish to study abroad, or just want to obtain a language certificate, we invite you to join one of our courses, where experienced teachers will help you to achieve the best possible results in-line with your goals.<\/p>\t\t\t\t\t\t\t\t<\/div>\n\t\t\t\t<\/div>\n\t\t\t\t\t<\/div>\n\t\t<\/div>\n\t\t\t\t<div class=\"elementor-column elementor-col-50 elementor-top-column elementor-element elementor-element-4bc2aa6b\" data-id=\"4bc2aa6b\" data-element_type=\"column\" data-e-type=\"column\">\n\t\t\t<div class=\"elementor-widget-wrap elementor-element-populated\">\n\t\t\t\t\t\t<div class=\"elementor-element elementor-element-1d786a0f elementor-widget elementor-widget-image\" data-id=\"1d786a0f\" data-element_type=\"widget\" data-e-type=\"widget\" data-widget_type=\"image.default\">\n\t\t\t\t<div class=\"elementor-widget-container\">\n\t\t\t\t\t\t\t\t\t\t\t\t\t\t\t<img decoding=\"async\" width=\"740\" height=\"493\" src=\"https:\/\/englishbreak.eu\/en\/wp-content\/uploads\/2022\/08\/mloda-uczennica-w-szkole-jezykowej_392895-24151.webp\" class=\"attachment-large size-large wp-image-2126\" alt=\"\" srcset=\"https:\/\/englishbreak.eu\/en\/wp-content\/uploads\/2022\/08\/mloda-uczennica-w-szkole-jezykowej_392895-24151.webp 740w, https:\/\/englishbreak.eu\/en\/wp-content\/uploads\/2022\/08\/mloda-uczennica-w-szkole-jezykowej_392895-24151-300x200.webp 300w\" sizes=\"(max-width: 740px) 100vw, 740px\" \/>\t\t\t\t\t\t\t\t\t\t\t\t\t\t\t<\/div>\n\t\t\t\t<\/div>\n\t\t\t\t\t<\/div>\n\t\t<\/div>\n\t\t\t\t\t<\/div>\n\t\t<\/section>\n\t\t\t\t<\/div>\n\t\t","protected":false},"excerpt":{"rendered":"<p>LEARN WITH THE ENGLISH LANGUAGE EXPERTS English Break &#8211; Online Language School Preparation courses for language exams and certificates Our offer includes courses that prepare you for IELTS (International English Language Testing System) certificates, as well as FCE (First Certificate in English), CAE (Certificate in Advanced English), CPE (Certificate of Proficiency in English), TELC (The [&hellip;]<\/p>\n","protected":false},"author":1,"featured_media":0,"parent":0,"menu_order":0,"comment_status":"closed","ping_status":"closed","template":"elementor_header_footer","meta":{"footnotes":""},"class_list":["post-1447","page","type-page","status-publish","hentry"],"blocksy_meta":{"page_title_panel":"","has_hero_section":"disabled","a021d615acb00704d22a215bb20821ff":"","hero_section":"type-1","hero_elements":[{"id":"custom_title","enabled":true,"heading_tag":"h1","title":"Home"},{"id":"custom_description","enabled":true,"description_visibility":{"desktop":true,"tablet":true,"mobile":false}},{"id":"custom_meta","enabled":false,"meta_elements":[{"id":"author","enabled":true,"label":"By","has_author_avatar":"yes","avatar_size":25},{"id":"post_date","enabled":true,"label":"On","date_format_source":"default","date_format":"M j, Y"},{"id":"comments","enabled":true}],"page_meta_elements":{"joined":true,"articles_count":true,"comments":true}},{"id":"breadcrumbs","enabled":false}],"d0505c9bc2c3a100918983b7672c5e6d":"","hero_alignment1":"left","hero_alignment2":"center","hero_vertical_alignment":"center","69a73150cebfaece67402936f1c0455f":"","hero_structure":"narrow","bd1080d581870d75437a0aec7ce14d23":"","page_title_bg_type":"featured_image","custom_hero_background":{"attachment_id":null},"parallax":{"desktop":false,"tablet":false,"mobile":false},"a45ed0d64b9a771c158335017296bd80":"","hero_height":"250px","pageTitleFont":{"family":"Default","variation":"Default","size":{"desktop":"32px","tablet":"30px","mobile":"25px"},"line-height":"CT_CSS_SKIP_RULE","letter-spacing":"CT_CSS_SKIP_RULE","text-transform":"CT_CSS_SKIP_RULE","text-decoration":"CT_CSS_SKIP_RULE"},"pageTitleFontColor":{"default":{"color":"CT_CSS_SKIP_RULEDEFAULT"}},"pageMetaFont":{"family":"Default","variation":"n6","size":{"desktop":"12px","tablet":"12px","mobile":"12px"},"line-height":"1.3","letter-spacing":"CT_CSS_SKIP_RULE","text-transform":"uppercase","text-decoration":"CT_CSS_SKIP_RULE"},"pageMetaFontColor":{"default":{"color":"CT_CSS_SKIP_RULEDEFAULT"},"hover":{"color":"CT_CSS_SKIP_RULEDEFAULT"}},"pageExcerptFont":{"family":"Default","variation":"Default","size":"CT_CSS_SKIP_RULE","line-height":"CT_CSS_SKIP_RULE","letter-spacing":"CT_CSS_SKIP_RULE","text-transform":"CT_CSS_SKIP_RULE","text-decoration":"CT_CSS_SKIP_RULE"},"pageExcerptColor":{"default":{"color":"CT_CSS_SKIP_RULEDEFAULT"}},"breadcrumbsFont":{"family":"Default","variation":"n6","size":"12px","line-height":"CT_CSS_SKIP_RULE","letter-spacing":"CT_CSS_SKIP_RULE","text-transform":"uppercase","text-decoration":"CT_CSS_SKIP_RULE"},"breadcrumbsFontColor":{"default":{"color":"CT_CSS_SKIP_RULEDEFAULT"},"initial":{"color":"CT_CSS_SKIP_RULEDEFAULT"},"hover":{"color":"CT_CSS_SKIP_RULEDEFAULT"}},"pageTitleOverlay":{"default":{"color":"rgba(41, 51, 60, 0.2)"}},"pageTitleBackground":{"background_type":"color","background_pattern":"type-1","background_image":{"attachment_id":null,"x":0,"y":0},"background_repeat":"no-repeat","background_size":"auto","background_attachment":"scroll","patternColor":{"default":{"color":"#e5e7ea"}},"backgroundColor":{"default":{"color":"#EDEFF2"}}},"c0700eea2d5f2a79943114245d9b0d3c":"","page_structure_type":"default","content_style":"inherit","vertical_spacing_source":"custom","content_area_spacing":"none","background":{"background_type":"color","background_pattern":"type-1","background_image":{"attachment_id":null,"x":0,"y":0},"background_repeat":"no-repeat","background_size":"auto","background_attachment":"scroll","patternColor":{"default":{"color":"#e5e7ea"}},"backgroundColor":{"default":{"color":"CT_CSS_SKIP_RULE"}}},"content_background":{"background_type":"color","background_pattern":"type-1","background_image":{"attachment_id":null,"x":0,"y":0},"background_repeat":"no-repeat","background_size":"auto","background_attachment":"scroll","patternColor":{"default":{"color":"#e5e7ea"}},"backgroundColor":{"default":{"color":"#ffffff"}}},"content_boxed_spacing":{"desktop":"40px","tablet":"35px","mobile":"20px"},"content_boxed_radius":{"top":"3px","bottom":"3px","left":"3px","right":"3px","linked":true},"content_boxed_shadow":{"blur":18,"spread":-6,"v_offset":12,"h_offset":0,"inset":false,"enable":true,"color":{"color":"rgba(34, 56, 101, 0.04)"}},"05c14464af83440d2458a3b59cd3c7c8":"","disable_featured_image":"no","disable_header":"no","disable_footer":"no","styles_descriptor":{"styles":{"desktop":"","tablet":"","mobile":""},"google_fonts":[],"version":6}},"yoast_head":"<!-- This site is optimized with the Yoast SEO plugin v25.3.1 - https:\/\/yoast.com\/wordpress\/plugins\/seo\/ -->\n<title>Kursy przygotowuj\u0105ce do egzamin\u00f3w i certyfikat\u00f3w j\u0119zykowych - English Break<\/title>\n<meta name=\"robots\" content=\"noindex, follow\" \/>\n<meta property=\"og:locale\" content=\"en_US\" \/>\n<meta property=\"og:type\" content=\"article\" \/>\n<meta property=\"og:title\" content=\"Kursy przygotowuj\u0105ce do egzamin\u00f3w i certyfikat\u00f3w j\u0119zykowych - English Break\" \/>\n<meta property=\"og:description\" content=\"LEARN WITH THE ENGLISH LANGUAGE EXPERTS English Break &#8211; Online Language School Preparation courses for language exams and certificates Our offer includes courses that prepare you for IELTS (International English Language Testing System) certificates, as well as FCE (First Certificate in English), CAE (Certificate in Advanced English), CPE (Certificate of Proficiency in English), TELC (The [&hellip;]\" \/>\n<meta property=\"og:url\" content=\"https:\/\/englishbreak.eu\/en\/kursy-przygotowujace-do-egzaminow-i-certyfikatow-jezykowych\/\" \/>\n<meta property=\"og:site_name\" content=\"English Break\" \/>\n<meta property=\"article:modified_time\" content=\"2025-07-14T07:20:19+00:00\" \/>\n<meta property=\"og:image\" content=\"https:\/\/englishbreak.eu\/en\/wp-content\/uploads\/2022\/08\/nauczyciel-prowadzacy-zajecia-z-jezyka-angielskiego_23-2149402730.webp\" \/>\n<meta name=\"twitter:card\" content=\"summary_large_image\" \/>\n<meta name=\"twitter:label1\" content=\"Est. reading time\" \/>\n\t<meta name=\"twitter:data1\" content=\"2 minutes\" \/>\n<script type=\"application\/ld+json\" class=\"yoast-schema-graph\">{\"@context\":\"https:\/\/schema.org\",\"@graph\":[{\"@type\":\"WebPage\",\"@id\":\"https:\/\/englishbreak.eu\/en\/kursy-przygotowujace-do-egzaminow-i-certyfikatow-jezykowych\/\",\"url\":\"https:\/\/englishbreak.eu\/en\/kursy-przygotowujace-do-egzaminow-i-certyfikatow-jezykowych\/\",\"name\":\"Kursy przygotowuj\u0105ce do egzamin\u00f3w i certyfikat\u00f3w j\u0119zykowych - English Break\",\"isPartOf\":{\"@id\":\"https:\/\/englishbreak.eu\/en\/#website\"},\"primaryImageOfPage\":{\"@id\":\"https:\/\/englishbreak.eu\/en\/kursy-przygotowujace-do-egzaminow-i-certyfikatow-jezykowych\/#primaryimage\"},\"image\":{\"@id\":\"https:\/\/englishbreak.eu\/en\/kursy-przygotowujace-do-egzaminow-i-certyfikatow-jezykowych\/#primaryimage\"},\"thumbnailUrl\":\"https:\/\/englishbreak.eu\/en\/wp-content\/uploads\/2022\/08\/nauczyciel-prowadzacy-zajecia-z-jezyka-angielskiego_23-2149402730.webp\",\"datePublished\":\"2022-07-17T14:48:29+00:00\",\"dateModified\":\"2025-07-14T07:20:19+00:00\",\"breadcrumb\":{\"@id\":\"https:\/\/englishbreak.eu\/en\/kursy-przygotowujace-do-egzaminow-i-certyfikatow-jezykowych\/#breadcrumb\"},\"inLanguage\":\"en-US\",\"potentialAction\":[{\"@type\":\"ReadAction\",\"target\":[\"https:\/\/englishbreak.eu\/en\/kursy-przygotowujace-do-egzaminow-i-certyfikatow-jezykowych\/\"]}]},{\"@type\":\"ImageObject\",\"inLanguage\":\"en-US\",\"@id\":\"https:\/\/englishbreak.eu\/en\/kursy-przygotowujace-do-egzaminow-i-certyfikatow-jezykowych\/#primaryimage\",\"url\":\"https:\/\/englishbreak.eu\/en\/wp-content\/uploads\/2022\/08\/nauczyciel-prowadzacy-zajecia-z-jezyka-angielskiego_23-2149402730.webp\",\"contentUrl\":\"https:\/\/englishbreak.eu\/en\/wp-content\/uploads\/2022\/08\/nauczyciel-prowadzacy-zajecia-z-jezyka-angielskiego_23-2149402730.webp\",\"width\":740,\"height\":488},{\"@type\":\"BreadcrumbList\",\"@id\":\"https:\/\/englishbreak.eu\/en\/kursy-przygotowujace-do-egzaminow-i-certyfikatow-jezykowych\/#breadcrumb\",\"itemListElement\":[{\"@type\":\"ListItem\",\"position\":1,\"name\":\"Home\",\"item\":\"https:\/\/englishbreak.eu\/en\/\"},{\"@type\":\"ListItem\",\"position\":2,\"name\":\"Kursy przygotowuj\u0105ce do egzamin\u00f3w i certyfikat\u00f3w j\u0119zykowych\"}]},{\"@type\":\"WebSite\",\"@id\":\"https:\/\/englishbreak.eu\/en\/#website\",\"url\":\"https:\/\/englishbreak.eu\/en\/\",\"name\":\"English Break\",\"description\":\"Angielski Rzesz\u00f3w, Kursy Angielskiego Rzesz\u00f3w, Angielski online Rzesz\u00f3w\",\"publisher\":{\"@id\":\"https:\/\/englishbreak.eu\/en\/#organization\"},\"potentialAction\":[{\"@type\":\"SearchAction\",\"target\":{\"@type\":\"EntryPoint\",\"urlTemplate\":\"https:\/\/englishbreak.eu\/en\/?s={search_term_string}\"},\"query-input\":{\"@type\":\"PropertyValueSpecification\",\"valueRequired\":true,\"valueName\":\"search_term_string\"}}],\"inLanguage\":\"en-US\"},{\"@type\":\"Organization\",\"@id\":\"https:\/\/englishbreak.eu\/en\/#organization\",\"name\":\"English Break\",\"url\":\"https:\/\/englishbreak.eu\/en\/\",\"logo\":{\"@type\":\"ImageObject\",\"inLanguage\":\"en-US\",\"@id\":\"https:\/\/englishbreak.eu\/en\/#\/schema\/logo\/image\/\",\"url\":\"https:\/\/englishbreak.eu\/en\/wp-content\/uploads\/2024\/03\/EnglishBreak_logo_2-e1708678453457.png\",\"contentUrl\":\"https:\/\/englishbreak.eu\/en\/wp-content\/uploads\/2024\/03\/EnglishBreak_logo_2-e1708678453457.png\",\"width\":635,\"height\":288,\"caption\":\"English Break\"},\"image\":{\"@id\":\"https:\/\/englishbreak.eu\/en\/#\/schema\/logo\/image\/\"}}]}<\/script>\n<!-- \/ Yoast SEO plugin. -->","yoast_head_json":{"title":"Kursy przygotowuj\u0105ce do egzamin\u00f3w i certyfikat\u00f3w j\u0119zykowych - English Break","robots":{"index":"noindex","follow":"follow"},"og_locale":"en_US","og_type":"article","og_title":"Kursy przygotowuj\u0105ce do egzamin\u00f3w i certyfikat\u00f3w j\u0119zykowych - English Break","og_description":"LEARN WITH THE ENGLISH LANGUAGE EXPERTS English Break &#8211; Online Language School Preparation courses for language exams and certificates Our offer includes courses that prepare you for IELTS (International English Language Testing System) certificates, as well as FCE (First Certificate in English), CAE (Certificate in Advanced English), CPE (Certificate of Proficiency in English), TELC (The [&hellip;]","og_url":"https:\/\/englishbreak.eu\/en\/kursy-przygotowujace-do-egzaminow-i-certyfikatow-jezykowych\/","og_site_name":"English Break","article_modified_time":"2025-07-14T07:20:19+00:00","og_image":[{"url":"https:\/\/englishbreak.eu\/en\/wp-content\/uploads\/2022\/08\/nauczyciel-prowadzacy-zajecia-z-jezyka-angielskiego_23-2149402730.webp","type":"","width":"","height":""}],"twitter_card":"summary_large_image","twitter_misc":{"Est. reading time":"2 minutes"},"schema":{"@context":"https:\/\/schema.org","@graph":[{"@type":"WebPage","@id":"https:\/\/englishbreak.eu\/en\/kursy-przygotowujace-do-egzaminow-i-certyfikatow-jezykowych\/","url":"https:\/\/englishbreak.eu\/en\/kursy-przygotowujace-do-egzaminow-i-certyfikatow-jezykowych\/","name":"Kursy przygotowuj\u0105ce do egzamin\u00f3w i certyfikat\u00f3w j\u0119zykowych - English Break","isPartOf":{"@id":"https:\/\/englishbreak.eu\/en\/#website"},"primaryImageOfPage":{"@id":"https:\/\/englishbreak.eu\/en\/kursy-przygotowujace-do-egzaminow-i-certyfikatow-jezykowych\/#primaryimage"},"image":{"@id":"https:\/\/englishbreak.eu\/en\/kursy-przygotowujace-do-egzaminow-i-certyfikatow-jezykowych\/#primaryimage"},"thumbnailUrl":"https:\/\/englishbreak.eu\/en\/wp-content\/uploads\/2022\/08\/nauczyciel-prowadzacy-zajecia-z-jezyka-angielskiego_23-2149402730.webp","datePublished":"2022-07-17T14:48:29+00:00","dateModified":"2025-07-14T07:20:19+00:00","breadcrumb":{"@id":"https:\/\/englishbreak.eu\/en\/kursy-przygotowujace-do-egzaminow-i-certyfikatow-jezykowych\/#breadcrumb"},"inLanguage":"en-US","potentialAction":[{"@type":"ReadAction","target":["https:\/\/englishbreak.eu\/en\/kursy-przygotowujace-do-egzaminow-i-certyfikatow-jezykowych\/"]}]},{"@type":"ImageObject","inLanguage":"en-US","@id":"https:\/\/englishbreak.eu\/en\/kursy-przygotowujace-do-egzaminow-i-certyfikatow-jezykowych\/#primaryimage","url":"https:\/\/englishbreak.eu\/en\/wp-content\/uploads\/2022\/08\/nauczyciel-prowadzacy-zajecia-z-jezyka-angielskiego_23-2149402730.webp","contentUrl":"https:\/\/englishbreak.eu\/en\/wp-content\/uploads\/2022\/08\/nauczyciel-prowadzacy-zajecia-z-jezyka-angielskiego_23-2149402730.webp","width":740,"height":488},{"@type":"BreadcrumbList","@id":"https:\/\/englishbreak.eu\/en\/kursy-przygotowujace-do-egzaminow-i-certyfikatow-jezykowych\/#breadcrumb","itemListElement":[{"@type":"ListItem","position":1,"name":"Home","item":"https:\/\/englishbreak.eu\/en\/"},{"@type":"ListItem","position":2,"name":"Kursy przygotowuj\u0105ce do egzamin\u00f3w i certyfikat\u00f3w j\u0119zykowych"}]},{"@type":"WebSite","@id":"https:\/\/englishbreak.eu\/en\/#website","url":"https:\/\/englishbreak.eu\/en\/","name":"English Break","description":"Angielski Rzesz\u00f3w, Kursy Angielskiego Rzesz\u00f3w, Angielski online Rzesz\u00f3w","publisher":{"@id":"https:\/\/englishbreak.eu\/en\/#organization"},"potentialAction":[{"@type":"SearchAction","target":{"@type":"EntryPoint","urlTemplate":"https:\/\/englishbreak.eu\/en\/?s={search_term_string}"},"query-input":{"@type":"PropertyValueSpecification","valueRequired":true,"valueName":"search_term_string"}}],"inLanguage":"en-US"},{"@type":"Organization","@id":"https:\/\/englishbreak.eu\/en\/#organization","name":"English Break","url":"https:\/\/englishbreak.eu\/en\/","logo":{"@type":"ImageObject","inLanguage":"en-US","@id":"https:\/\/englishbreak.eu\/en\/#\/schema\/logo\/image\/","url":"https:\/\/englishbreak.eu\/en\/wp-content\/uploads\/2024\/03\/EnglishBreak_logo_2-e1708678453457.png","contentUrl":"https:\/\/englishbreak.eu\/en\/wp-content\/uploads\/2024\/03\/EnglishBreak_logo_2-e1708678453457.png","width":635,"height":288,"caption":"English Break"},"image":{"@id":"https:\/\/englishbreak.eu\/en\/#\/schema\/logo\/image\/"}}]}},"_links":{"self":[{"href":"https:\/\/englishbreak.eu\/en\/wp-json\/wp\/v2\/pages\/1447","targetHints":{"allow":["GET"]}}],"collection":[{"href":"https:\/\/englishbreak.eu\/en\/wp-json\/wp\/v2\/pages"}],"about":[{"href":"https:\/\/englishbreak.eu\/en\/wp-json\/wp\/v2\/types\/page"}],"author":[{"embeddable":true,"href":"https:\/\/englishbreak.eu\/en\/wp-json\/wp\/v2\/users\/1"}],"replies":[{"embeddable":true,"href":"https:\/\/englishbreak.eu\/en\/wp-json\/wp\/v2\/comments?post=1447"}],"version-history":[{"count":25,"href":"https:\/\/englishbreak.eu\/en\/wp-json\/wp\/v2\/pages\/1447\/revisions"}],"predecessor-version":[{"id":2936,"href":"https:\/\/englishbreak.eu\/en\/wp-json\/wp\/v2\/pages\/1447\/revisions\/2936"}],"wp:attachment":[{"href":"https:\/\/englishbreak.eu\/en\/wp-json\/wp\/v2\/media?parent=1447"}],"curies":[{"name":"wp","href":"https:\/\/api.w.org\/{rel}","templated":true}]}}