{"id":2990,"date":"2020-08-14T14:29:45","date_gmt":"2020-08-14T12:29:45","guid":{"rendered":"https:\/\/englishbreak.eu\/en\/?page_id=2990"},"modified":"2025-07-14T09:19:06","modified_gmt":"2025-07-14T07:19:06","slug":"kinga","status":"publish","type":"page","link":"https:\/\/englishbreak.eu\/en\/kinga\/","title":{"rendered":"Kinga"},"content":{"rendered":"\t\t<div data-elementor-type=\"wp-page\" data-elementor-id=\"2990\" class=\"elementor elementor-2990\">\n\t\t\t\t\t\t<section class=\"elementor-section elementor-top-section elementor-element elementor-element-561b973 elementor-section-height-min-height elementor-section-boxed elementor-section-height-default elementor-section-items-middle\" data-id=\"561b973\" data-element_type=\"section\" data-e-type=\"section\" data-settings=\"{&quot;background_background&quot;:&quot;slideshow&quot;,&quot;background_slideshow_gallery&quot;:[{&quot;id&quot;:2783,&quot;url&quot;:&quot;https:\\\/\\\/englishbreak.eu\\\/en\\\/wp-content\\\/uploads\\\/2024\\\/03\\\/nauczycielka-angielskiego-prowadzi-zajecia-na-laptopie_23-2149019771.webp&quot;},{&quot;id&quot;:2784,&quot;url&quot;:&quot;https:\\\/\\\/englishbreak.eu\\\/en\\\/wp-content\\\/uploads\\\/2024\\\/03\\\/Bez-nazwy-123-01.png&quot;},{&quot;id&quot;:2782,&quot;url&quot;:&quot;https:\\\/\\\/englishbreak.eu\\\/en\\\/wp-content\\\/uploads\\\/2024\\\/03\\\/Bez-nazwy-1-01.png&quot;},{&quot;id&quot;:2781,&quot;url&quot;:&quot;https:\\\/\\\/englishbreak.eu\\\/en\\\/wp-content\\\/uploads\\\/2024\\\/03\\\/Bez-nazwy-13-01.png&quot;}],&quot;background_slideshow_slide_duration&quot;:2300,&quot;background_slideshow_loop&quot;:&quot;yes&quot;,&quot;background_slideshow_slide_transition&quot;:&quot;fade&quot;,&quot;background_slideshow_transition_duration&quot;:500}\">\n\t\t\t\t\t\t\t<div class=\"elementor-background-overlay\"><\/div>\n\t\t\t\t\t\t\t<div class=\"elementor-container elementor-column-gap-default\">\n\t\t\t\t\t<div class=\"elementor-column elementor-col-100 elementor-top-column elementor-element elementor-element-f0312df\" data-id=\"f0312df\" data-element_type=\"column\" data-e-type=\"column\">\n\t\t\t<div class=\"elementor-widget-wrap elementor-element-populated\">\n\t\t\t\t\t\t<div class=\"elementor-element elementor-element-27a06b0 eael-dual-header-content-align-center elementor-widget elementor-widget-eael-dual-color-header\" data-id=\"27a06b0\" data-element_type=\"widget\" data-e-type=\"widget\" data-widget_type=\"eael-dual-color-header.default\">\n\t\t\t\t<div class=\"elementor-widget-container\">\n\t\t\t\t\t\t\t\t<div class=\"eael-dual-header\">\n\t\t\t\t<h2 class=\"title eael-dch-title\"><span class=\"eael-dch-title-text eael-dch-title-lead lead solid-color\">LEARN WITH THE ENGLISH LANGUAGE EXPERTS<\/span> <span class=\"eael-dch-title-text\"><\/span><\/h2>\t\t\t\t\t<span class=\"subtext\"><p>English Break &#8211; Online Language School<\/p><\/span>\n\t\t\t\t\t\t\t<\/div>\n\n\t\t\t\t\t\t<\/div>\n\t\t\t\t<\/div>\n\t\t\t\t\t<\/div>\n\t\t<\/div>\n\t\t\t\t\t<\/div>\n\t\t<\/section>\n\t\t\t\t<section class=\"elementor-section elementor-top-section elementor-element elementor-element-d4bce16 elementor-section-boxed elementor-section-height-default elementor-section-height-default\" data-id=\"d4bce16\" data-element_type=\"section\" data-e-type=\"section\">\n\t\t\t\t\t\t<div class=\"elementor-container elementor-column-gap-default\">\n\t\t\t\t\t<div class=\"elementor-column elementor-col-50 elementor-top-column elementor-element elementor-element-cea1f0b\" data-id=\"cea1f0b\" data-element_type=\"column\" data-e-type=\"column\">\n\t\t\t<div class=\"elementor-widget-wrap elementor-element-populated\">\n\t\t\t\t\t\t<div class=\"elementor-element elementor-element-8eecfb2 elementor-widget elementor-widget-image\" data-id=\"8eecfb2\" data-element_type=\"widget\" data-e-type=\"widget\" data-widget_type=\"image.default\">\n\t\t\t\t<div class=\"elementor-widget-container\">\n\t\t\t\t\t\t\t\t\t\t\t\t\t\t\t<img fetchpriority=\"high\" decoding=\"async\" width=\"450\" height=\"500\" src=\"https:\/\/englishbreak.eu\/en\/wp-content\/uploads\/2024\/03\/kinga-piotrowska-lektorka.png\" class=\"attachment-large size-large wp-image-2809\" alt=\"Kinga Piotrowska\" srcset=\"https:\/\/englishbreak.eu\/en\/wp-content\/uploads\/2024\/03\/kinga-piotrowska-lektorka.png 450w, https:\/\/englishbreak.eu\/en\/wp-content\/uploads\/2024\/03\/kinga-piotrowska-lektorka-270x300.png 270w\" sizes=\"(max-width: 450px) 100vw, 450px\" \/>\t\t\t\t\t\t\t\t\t\t\t\t\t\t\t<\/div>\n\t\t\t\t<\/div>\n\t\t\t\t\t<\/div>\n\t\t<\/div>\n\t\t\t\t<div class=\"elementor-column elementor-col-50 elementor-top-column elementor-element elementor-element-8817619\" data-id=\"8817619\" data-element_type=\"column\" data-e-type=\"column\">\n\t\t\t<div class=\"elementor-widget-wrap elementor-element-populated\">\n\t\t\t\t\t\t<div class=\"elementor-element elementor-element-da96a1b elementor-widget elementor-widget-heading\" data-id=\"da96a1b\" data-element_type=\"widget\" data-e-type=\"widget\" data-widget_type=\"heading.default\">\n\t\t\t\t<div class=\"elementor-widget-container\">\n\t\t\t\t\t<h1 class=\"elementor-heading-title elementor-size-default\">Kinga<\/h1>\t\t\t\t<\/div>\n\t\t\t\t<\/div>\n\t\t\t\t<div class=\"elementor-element elementor-element-084998b elementor-widget elementor-widget-text-editor\" data-id=\"084998b\" data-element_type=\"widget\" data-e-type=\"widget\" data-widget_type=\"text-editor.default\">\n\t\t\t\t<div class=\"elementor-widget-container\">\n\t\t\t\t\t\t\t\t\t<p>An experienced English language instructor with a TEFL certificate, specializing in General English and conversation, passionate about learning new languages.<\/p>\t\t\t\t\t\t\t\t<\/div>\n\t\t\t\t<\/div>\n\t\t\t\t\t<\/div>\n\t\t<\/div>\n\t\t\t\t\t<\/div>\n\t\t<\/section>\n\t\t\t\t<section class=\"elementor-section elementor-top-section elementor-element elementor-element-d0c93ee elementor-section-boxed elementor-section-height-default elementor-section-height-default\" data-id=\"d0c93ee\" data-element_type=\"section\" data-e-type=\"section\">\n\t\t\t\t\t\t<div class=\"elementor-container elementor-column-gap-default\">\n\t\t\t\t\t<div class=\"elementor-column elementor-col-100 elementor-top-column elementor-element elementor-element-1b11c2c\" data-id=\"1b11c2c\" data-element_type=\"column\" data-e-type=\"column\">\n\t\t\t<div class=\"elementor-widget-wrap elementor-element-populated\">\n\t\t\t\t\t\t<div class=\"elementor-element elementor-element-9588a4b elementor-widget elementor-widget-spacer\" data-id=\"9588a4b\" data-element_type=\"widget\" data-e-type=\"widget\" data-widget_type=\"spacer.default\">\n\t\t\t\t<div class=\"elementor-widget-container\">\n\t\t\t\t\t\t\t<div class=\"elementor-spacer\">\n\t\t\t<div class=\"elementor-spacer-inner\"><\/div>\n\t\t<\/div>\n\t\t\t\t\t\t<\/div>\n\t\t\t\t<\/div>\n\t\t\t\t\t<\/div>\n\t\t<\/div>\n\t\t\t\t\t<\/div>\n\t\t<\/section>\n\t\t\t\t<section class=\"elementor-section elementor-top-section elementor-element elementor-element-cf06e16 elementor-section-boxed elementor-section-height-default elementor-section-height-default\" data-id=\"cf06e16\" data-element_type=\"section\" data-e-type=\"section\" data-settings=\"{&quot;background_background&quot;:&quot;gradient&quot;}\">\n\t\t\t\t\t\t<div class=\"elementor-container elementor-column-gap-default\">\n\t\t\t\t\t<div class=\"elementor-column elementor-col-100 elementor-top-column elementor-element elementor-element-8fa8b75\" data-id=\"8fa8b75\" data-element_type=\"column\" data-e-type=\"column\">\n\t\t\t<div class=\"elementor-widget-wrap elementor-element-populated\">\n\t\t\t\t\t\t<div class=\"elementor-element elementor-element-57824e2 elementor-widget elementor-widget-heading\" data-id=\"57824e2\" data-element_type=\"widget\" data-e-type=\"widget\" data-widget_type=\"heading.default\">\n\t\t\t\t<div class=\"elementor-widget-container\">\n\t\t\t\t\t<h2 class=\"elementor-heading-title elementor-size-default\">Get to know me better<\/h2>\t\t\t\t<\/div>\n\t\t\t\t<\/div>\n\t\t\t\t\t<\/div>\n\t\t<\/div>\n\t\t\t\t\t<\/div>\n\t\t<\/section>\n\t\t\t\t<section class=\"elementor-section elementor-top-section elementor-element elementor-element-1ff4515 elementor-section-boxed elementor-section-height-default elementor-section-height-default\" data-id=\"1ff4515\" data-element_type=\"section\" data-e-type=\"section\">\n\t\t\t\t\t\t<div class=\"elementor-container elementor-column-gap-default\">\n\t\t\t\t\t<div class=\"elementor-column elementor-col-100 elementor-top-column elementor-element elementor-element-e7e1ea3\" data-id=\"e7e1ea3\" data-element_type=\"column\" data-e-type=\"column\">\n\t\t\t<div class=\"elementor-widget-wrap elementor-element-populated\">\n\t\t\t\t\t\t<div class=\"elementor-element elementor-element-8769aef elementor-widget elementor-widget-text-editor\" data-id=\"8769aef\" data-element_type=\"widget\" data-e-type=\"widget\" data-widget_type=\"text-editor.default\">\n\t\t\t\t<div class=\"elementor-widget-container\">\n\t\t\t\t\t\t\t\t\t<p>My name is Kinga, and I am an English language tutor. I hold a TEFL certificate and have over six years of experience in teaching children and adults.<\/p>\n<p><span style=\"font-size: inherit; text-align: inherit; color: var( --e-global-color-primary ); font-family: var(--fontFamily); font-style: var(--fontStyle, inherit); font-weight: var(--fontWeight); letter-spacing: var(--letterSpacing); text-transform: var(--textTransform);\">I strive to make my lessons much more interesting than those in school and to finally stop them from being perceived as a boring obligation. My main teaching area is general English, which means the English you will use every day in a variety of situations. Although the classes are largely based on conversation, I am eager to show you that English grammar is not as scary as it is made out to be! It can be really enjoyable, you just need to spend a moment to understand how it works. I am happy to guide you through the entire process.<\/span><br><\/p>\n<p><span style=\"font-size: inherit; text-align: inherit; color: var( --e-global-color-primary ); font-family: var(--fontFamily); font-style: var(--fontStyle, inherit); font-weight: var(--fontWeight); letter-spacing: var(--letterSpacing); text-transform: var(--textTransform);\">I plan materials and classes to suit your expectations, interests, and needs. Together we can overcome language barriers, prepare for the eighth-grade exam, or the high school final exams at both basic and advanced levels. We focus on your needs!<\/span><br><\/p>\n<p><span style=\"font-size: inherit; text-align: inherit; color: var( --e-global-color-primary ); font-family: var(--fontFamily); font-style: var(--fontStyle, inherit); font-weight: var(--fontWeight); letter-spacing: var(--letterSpacing); text-transform: var(--textTransform);\">In my free time, I use it to learn additional languages, as I would like to be fluent in at least a few; the learning process is not foreign to me! Besides, I engage in beekeeping and powerlifting.<\/span><\/p>\t\t\t\t\t\t\t\t<\/div>\n\t\t\t\t<\/div>\n\t\t\t\t\t<\/div>\n\t\t<\/div>\n\t\t\t\t\t<\/div>\n\t\t<\/section>\n\t\t\t\t<\/div>\n\t\t","protected":false},"excerpt":{"rendered":"<p>LEARN WITH THE ENGLISH LANGUAGE EXPERTS English Break &#8211; Online Language School Kinga An experienced English language instructor with a TEFL certificate, specializing in General English and conversation, passionate about learning new languages. Get to know me better My name is Kinga, and I am an English language tutor. I hold a TEFL certificate and [&hellip;]<\/p>\n","protected":false},"author":3,"featured_media":0,"parent":0,"menu_order":0,"comment_status":"closed","ping_status":"closed","template":"elementor_header_footer","meta":{"footnotes":""},"class_list":["post-2990","page","type-page","status-publish","hentry"],"blocksy_meta":{"page_title_panel":"","has_hero_section":"disabled","a021d615acb00704d22a215bb20821ff":"","hero_section":"type-1","hero_elements":[{"id":"custom_title","enabled":true,"heading_tag":"h1","title":"Home"},{"id":"custom_description","enabled":true,"description_visibility":{"desktop":true,"tablet":true,"mobile":false}},{"id":"custom_meta","enabled":false,"meta_elements":[{"id":"author","enabled":true,"label":"By","has_author_avatar":"yes","avatar_size":25},{"id":"post_date","enabled":true,"label":"On","date_format_source":"default","date_format":"M j, Y"},{"id":"comments","enabled":true}],"page_meta_elements":{"joined":true,"articles_count":true,"comments":true}},{"id":"breadcrumbs","enabled":false}],"d0505c9bc2c3a100918983b7672c5e6d":"","hero_alignment1":"left","hero_alignment2":"center","hero_vertical_alignment":"center","69a73150cebfaece67402936f1c0455f":"","hero_structure":"narrow","bd1080d581870d75437a0aec7ce14d23":"","page_title_bg_type":"featured_image","custom_hero_background":{"attachment_id":null},"parallax":{"desktop":false,"tablet":false,"mobile":false},"a45ed0d64b9a771c158335017296bd80":"","hero_height":"250px","pageTitleFont":{"family":"Default","variation":"Default","size":{"desktop":"32px","tablet":"30px","mobile":"25px"},"line-height":"CT_CSS_SKIP_RULE","letter-spacing":"CT_CSS_SKIP_RULE","text-transform":"CT_CSS_SKIP_RULE","text-decoration":"CT_CSS_SKIP_RULE"},"pageTitleFontColor":{"default":{"color":"CT_CSS_SKIP_RULEDEFAULT"}},"pageMetaFont":{"family":"Default","variation":"n6","size":{"desktop":"12px","tablet":"12px","mobile":"12px"},"line-height":"1.3","letter-spacing":"CT_CSS_SKIP_RULE","text-transform":"uppercase","text-decoration":"CT_CSS_SKIP_RULE"},"pageMetaFontColor":{"default":{"color":"CT_CSS_SKIP_RULEDEFAULT"},"hover":{"color":"CT_CSS_SKIP_RULEDEFAULT"}},"pageExcerptFont":{"family":"Default","variation":"Default","size":"CT_CSS_SKIP_RULE","line-height":"CT_CSS_SKIP_RULE","letter-spacing":"CT_CSS_SKIP_RULE","text-transform":"CT_CSS_SKIP_RULE","text-decoration":"CT_CSS_SKIP_RULE"},"pageExcerptColor":{"default":{"color":"CT_CSS_SKIP_RULEDEFAULT"}},"breadcrumbsFont":{"family":"Default","variation":"n6","size":"12px","line-height":"CT_CSS_SKIP_RULE","letter-spacing":"CT_CSS_SKIP_RULE","text-transform":"uppercase","text-decoration":"CT_CSS_SKIP_RULE"},"breadcrumbsFontColor":{"default":{"color":"CT_CSS_SKIP_RULEDEFAULT"},"initial":{"color":"CT_CSS_SKIP_RULEDEFAULT"},"hover":{"color":"CT_CSS_SKIP_RULEDEFAULT"}},"pageTitleOverlay":{"default":{"color":"rgba(41, 51, 60, 0.2)"}},"pageTitleBackground":{"background_type":"color","background_pattern":"type-1","background_image":{"attachment_id":null,"x":0,"y":0},"background_repeat":"no-repeat","background_size":"auto","background_attachment":"scroll","patternColor":{"default":{"color":"#e5e7ea"}},"backgroundColor":{"default":{"color":"#EDEFF2"}}},"c0700eea2d5f2a79943114245d9b0d3c":"","page_structure_type":"default","content_style":"inherit","vertical_spacing_source":"custom","content_area_spacing":"none","background":{"background_type":"color","background_pattern":"type-1","background_image":{"attachment_id":null,"x":0,"y":0},"background_repeat":"no-repeat","background_size":"auto","background_attachment":"scroll","patternColor":{"default":{"color":"#e5e7ea"}},"backgroundColor":{"default":{"color":"CT_CSS_SKIP_RULE"}}},"content_background":{"background_type":"color","background_pattern":"type-1","background_image":{"attachment_id":null,"x":0,"y":0},"background_repeat":"no-repeat","background_size":"auto","background_attachment":"scroll","patternColor":{"default":{"color":"#e5e7ea"}},"backgroundColor":{"default":{"color":"#ffffff"}}},"content_boxed_spacing":{"desktop":"40px","tablet":"35px","mobile":"20px"},"content_boxed_radius":{"top":"3px","bottom":"3px","left":"3px","right":"3px","linked":true},"content_boxed_shadow":{"blur":18,"spread":-6,"v_offset":12,"h_offset":0,"inset":false,"enable":true,"color":{"color":"rgba(34, 56, 101, 0.04)"}},"05c14464af83440d2458a3b59cd3c7c8":"","disable_featured_image":"no","disable_header":"no","disable_footer":"no","styles_descriptor":{"styles":{"desktop":"","tablet":"","mobile":""},"google_fonts":[],"version":6}},"yoast_head":"<!-- This site is optimized with the Yoast SEO plugin v25.3.1 - https:\/\/yoast.com\/wordpress\/plugins\/seo\/ -->\n<title>Kinga - English Break<\/title>\n<meta name=\"robots\" content=\"noindex, follow\" \/>\n<meta property=\"og:locale\" content=\"en_US\" \/>\n<meta property=\"og:type\" content=\"article\" \/>\n<meta property=\"og:title\" content=\"Kinga - English Break\" \/>\n<meta property=\"og:description\" content=\"LEARN WITH THE ENGLISH LANGUAGE EXPERTS English Break &#8211; Online Language School Kinga An experienced English language instructor with a TEFL certificate, specializing in General English and conversation, passionate about learning new languages. Get to know me better My name is Kinga, and I am an English language tutor. I hold a TEFL certificate and [&hellip;]\" \/>\n<meta property=\"og:url\" content=\"https:\/\/englishbreak.eu\/en\/kinga\/\" \/>\n<meta property=\"og:site_name\" content=\"English Break\" \/>\n<meta property=\"article:modified_time\" content=\"2025-07-14T07:19:06+00:00\" \/>\n<meta property=\"og:image\" content=\"https:\/\/englishbreak.eu\/en\/wp-content\/uploads\/2024\/03\/kinga-piotrowska-lektorka.png\" \/>\n<meta name=\"twitter:card\" content=\"summary_large_image\" \/>\n<meta name=\"twitter:label1\" content=\"Est. reading time\" \/>\n\t<meta name=\"twitter:data1\" content=\"2 minutes\" \/>\n<script type=\"application\/ld+json\" class=\"yoast-schema-graph\">{\"@context\":\"https:\/\/schema.org\",\"@graph\":[{\"@type\":\"WebPage\",\"@id\":\"https:\/\/englishbreak.eu\/en\/kinga\/\",\"url\":\"https:\/\/englishbreak.eu\/en\/kinga\/\",\"name\":\"Kinga - English Break\",\"isPartOf\":{\"@id\":\"https:\/\/englishbreak.eu\/en\/#website\"},\"primaryImageOfPage\":{\"@id\":\"https:\/\/englishbreak.eu\/en\/kinga\/#primaryimage\"},\"image\":{\"@id\":\"https:\/\/englishbreak.eu\/en\/kinga\/#primaryimage\"},\"thumbnailUrl\":\"https:\/\/englishbreak.eu\/en\/wp-content\/uploads\/2024\/03\/kinga-piotrowska-lektorka.png\",\"datePublished\":\"2020-08-14T12:29:45+00:00\",\"dateModified\":\"2025-07-14T07:19:06+00:00\",\"breadcrumb\":{\"@id\":\"https:\/\/englishbreak.eu\/en\/kinga\/#breadcrumb\"},\"inLanguage\":\"en-US\",\"potentialAction\":[{\"@type\":\"ReadAction\",\"target\":[\"https:\/\/englishbreak.eu\/en\/kinga\/\"]}]},{\"@type\":\"ImageObject\",\"inLanguage\":\"en-US\",\"@id\":\"https:\/\/englishbreak.eu\/en\/kinga\/#primaryimage\",\"url\":\"https:\/\/englishbreak.eu\/en\/wp-content\/uploads\/2024\/03\/kinga-piotrowska-lektorka.png\",\"contentUrl\":\"https:\/\/englishbreak.eu\/en\/wp-content\/uploads\/2024\/03\/kinga-piotrowska-lektorka.png\",\"width\":450,\"height\":500,\"caption\":\"Kinga Piotrowska\"},{\"@type\":\"BreadcrumbList\",\"@id\":\"https:\/\/englishbreak.eu\/en\/kinga\/#breadcrumb\",\"itemListElement\":[{\"@type\":\"ListItem\",\"position\":1,\"name\":\"Home\",\"item\":\"https:\/\/englishbreak.eu\/en\/\"},{\"@type\":\"ListItem\",\"position\":2,\"name\":\"Kinga\"}]},{\"@type\":\"WebSite\",\"@id\":\"https:\/\/englishbreak.eu\/en\/#website\",\"url\":\"https:\/\/englishbreak.eu\/en\/\",\"name\":\"English Break\",\"description\":\"Angielski Rzesz\u00f3w, Kursy Angielskiego Rzesz\u00f3w, Angielski online Rzesz\u00f3w\",\"publisher\":{\"@id\":\"https:\/\/englishbreak.eu\/en\/#organization\"},\"potentialAction\":[{\"@type\":\"SearchAction\",\"target\":{\"@type\":\"EntryPoint\",\"urlTemplate\":\"https:\/\/englishbreak.eu\/en\/?s={search_term_string}\"},\"query-input\":{\"@type\":\"PropertyValueSpecification\",\"valueRequired\":true,\"valueName\":\"search_term_string\"}}],\"inLanguage\":\"en-US\"},{\"@type\":\"Organization\",\"@id\":\"https:\/\/englishbreak.eu\/en\/#organization\",\"name\":\"English Break\",\"url\":\"https:\/\/englishbreak.eu\/en\/\",\"logo\":{\"@type\":\"ImageObject\",\"inLanguage\":\"en-US\",\"@id\":\"https:\/\/englishbreak.eu\/en\/#\/schema\/logo\/image\/\",\"url\":\"https:\/\/englishbreak.eu\/en\/wp-content\/uploads\/2024\/03\/EnglishBreak_logo_2-e1708678453457.png\",\"contentUrl\":\"https:\/\/englishbreak.eu\/en\/wp-content\/uploads\/2024\/03\/EnglishBreak_logo_2-e1708678453457.png\",\"width\":635,\"height\":288,\"caption\":\"English Break\"},\"image\":{\"@id\":\"https:\/\/englishbreak.eu\/en\/#\/schema\/logo\/image\/\"}}]}<\/script>\n<!-- \/ Yoast SEO plugin. -->","yoast_head_json":{"title":"Kinga - English Break","robots":{"index":"noindex","follow":"follow"},"og_locale":"en_US","og_type":"article","og_title":"Kinga - English Break","og_description":"LEARN WITH THE ENGLISH LANGUAGE EXPERTS English Break &#8211; Online Language School Kinga An experienced English language instructor with a TEFL certificate, specializing in General English and conversation, passionate about learning new languages. Get to know me better My name is Kinga, and I am an English language tutor. I hold a TEFL certificate and [&hellip;]","og_url":"https:\/\/englishbreak.eu\/en\/kinga\/","og_site_name":"English Break","article_modified_time":"2025-07-14T07:19:06+00:00","og_image":[{"url":"https:\/\/englishbreak.eu\/en\/wp-content\/uploads\/2024\/03\/kinga-piotrowska-lektorka.png","type":"","width":"","height":""}],"twitter_card":"summary_large_image","twitter_misc":{"Est. reading time":"2 minutes"},"schema":{"@context":"https:\/\/schema.org","@graph":[{"@type":"WebPage","@id":"https:\/\/englishbreak.eu\/en\/kinga\/","url":"https:\/\/englishbreak.eu\/en\/kinga\/","name":"Kinga - English Break","isPartOf":{"@id":"https:\/\/englishbreak.eu\/en\/#website"},"primaryImageOfPage":{"@id":"https:\/\/englishbreak.eu\/en\/kinga\/#primaryimage"},"image":{"@id":"https:\/\/englishbreak.eu\/en\/kinga\/#primaryimage"},"thumbnailUrl":"https:\/\/englishbreak.eu\/en\/wp-content\/uploads\/2024\/03\/kinga-piotrowska-lektorka.png","datePublished":"2020-08-14T12:29:45+00:00","dateModified":"2025-07-14T07:19:06+00:00","breadcrumb":{"@id":"https:\/\/englishbreak.eu\/en\/kinga\/#breadcrumb"},"inLanguage":"en-US","potentialAction":[{"@type":"ReadAction","target":["https:\/\/englishbreak.eu\/en\/kinga\/"]}]},{"@type":"ImageObject","inLanguage":"en-US","@id":"https:\/\/englishbreak.eu\/en\/kinga\/#primaryimage","url":"https:\/\/englishbreak.eu\/en\/wp-content\/uploads\/2024\/03\/kinga-piotrowska-lektorka.png","contentUrl":"https:\/\/englishbreak.eu\/en\/wp-content\/uploads\/2024\/03\/kinga-piotrowska-lektorka.png","width":450,"height":500,"caption":"Kinga Piotrowska"},{"@type":"BreadcrumbList","@id":"https:\/\/englishbreak.eu\/en\/kinga\/#breadcrumb","itemListElement":[{"@type":"ListItem","position":1,"name":"Home","item":"https:\/\/englishbreak.eu\/en\/"},{"@type":"ListItem","position":2,"name":"Kinga"}]},{"@type":"WebSite","@id":"https:\/\/englishbreak.eu\/en\/#website","url":"https:\/\/englishbreak.eu\/en\/","name":"English Break","description":"Angielski Rzesz\u00f3w, Kursy Angielskiego Rzesz\u00f3w, Angielski online Rzesz\u00f3w","publisher":{"@id":"https:\/\/englishbreak.eu\/en\/#organization"},"potentialAction":[{"@type":"SearchAction","target":{"@type":"EntryPoint","urlTemplate":"https:\/\/englishbreak.eu\/en\/?s={search_term_string}"},"query-input":{"@type":"PropertyValueSpecification","valueRequired":true,"valueName":"search_term_string"}}],"inLanguage":"en-US"},{"@type":"Organization","@id":"https:\/\/englishbreak.eu\/en\/#organization","name":"English Break","url":"https:\/\/englishbreak.eu\/en\/","logo":{"@type":"ImageObject","inLanguage":"en-US","@id":"https:\/\/englishbreak.eu\/en\/#\/schema\/logo\/image\/","url":"https:\/\/englishbreak.eu\/en\/wp-content\/uploads\/2024\/03\/EnglishBreak_logo_2-e1708678453457.png","contentUrl":"https:\/\/englishbreak.eu\/en\/wp-content\/uploads\/2024\/03\/EnglishBreak_logo_2-e1708678453457.png","width":635,"height":288,"caption":"English Break"},"image":{"@id":"https:\/\/englishbreak.eu\/en\/#\/schema\/logo\/image\/"}}]}},"_links":{"self":[{"href":"https:\/\/englishbreak.eu\/en\/wp-json\/wp\/v2\/pages\/2990","targetHints":{"allow":["GET"]}}],"collection":[{"href":"https:\/\/englishbreak.eu\/en\/wp-json\/wp\/v2\/pages"}],"about":[{"href":"https:\/\/englishbreak.eu\/en\/wp-json\/wp\/v2\/types\/page"}],"author":[{"embeddable":true,"href":"https:\/\/englishbreak.eu\/en\/wp-json\/wp\/v2\/users\/3"}],"replies":[{"embeddable":true,"href":"https:\/\/englishbreak.eu\/en\/wp-json\/wp\/v2\/comments?post=2990"}],"version-history":[{"count":8,"href":"https:\/\/englishbreak.eu\/en\/wp-json\/wp\/v2\/pages\/2990\/revisions"}],"predecessor-version":[{"id":3263,"href":"https:\/\/englishbreak.eu\/en\/wp-json\/wp\/v2\/pages\/2990\/revisions\/3263"}],"wp:attachment":[{"href":"https:\/\/englishbreak.eu\/en\/wp-json\/wp\/v2\/media?parent=2990"}],"curies":[{"name":"wp","href":"https:\/\/api.w.org\/{rel}","templated":true}]}}