{"id":3011,"date":"2020-08-14T14:29:45","date_gmt":"2020-08-14T12:29:45","guid":{"rendered":"https:\/\/englishbreak.eu\/en\/?page_id=3011"},"modified":"2025-07-14T09:20:06","modified_gmt":"2025-07-14T07:20:06","slug":"karolina-n","status":"publish","type":"page","link":"https:\/\/englishbreak.eu\/en\/karolina-n\/","title":{"rendered":"Karolina N."},"content":{"rendered":"\t\t<div data-elementor-type=\"wp-page\" data-elementor-id=\"3011\" class=\"elementor elementor-3011\">\n\t\t\t\t\t\t<section class=\"elementor-section elementor-top-section elementor-element elementor-element-561b973 elementor-section-height-min-height elementor-section-boxed elementor-section-height-default elementor-section-items-middle\" data-id=\"561b973\" data-element_type=\"section\" data-e-type=\"section\" data-settings=\"{&quot;background_background&quot;:&quot;slideshow&quot;,&quot;background_slideshow_gallery&quot;:[{&quot;id&quot;:2783,&quot;url&quot;:&quot;https:\\\/\\\/englishbreak.eu\\\/en\\\/wp-content\\\/uploads\\\/2024\\\/03\\\/nauczycielka-angielskiego-prowadzi-zajecia-na-laptopie_23-2149019771.webp&quot;},{&quot;id&quot;:2784,&quot;url&quot;:&quot;https:\\\/\\\/englishbreak.eu\\\/en\\\/wp-content\\\/uploads\\\/2024\\\/03\\\/Bez-nazwy-123-01.png&quot;},{&quot;id&quot;:2782,&quot;url&quot;:&quot;https:\\\/\\\/englishbreak.eu\\\/en\\\/wp-content\\\/uploads\\\/2024\\\/03\\\/Bez-nazwy-1-01.png&quot;},{&quot;id&quot;:2781,&quot;url&quot;:&quot;https:\\\/\\\/englishbreak.eu\\\/en\\\/wp-content\\\/uploads\\\/2024\\\/03\\\/Bez-nazwy-13-01.png&quot;}],&quot;background_slideshow_slide_duration&quot;:2300,&quot;background_slideshow_loop&quot;:&quot;yes&quot;,&quot;background_slideshow_slide_transition&quot;:&quot;fade&quot;,&quot;background_slideshow_transition_duration&quot;:500}\">\n\t\t\t\t\t\t\t<div class=\"elementor-background-overlay\"><\/div>\n\t\t\t\t\t\t\t<div class=\"elementor-container elementor-column-gap-default\">\n\t\t\t\t\t<div class=\"elementor-column elementor-col-100 elementor-top-column elementor-element elementor-element-f0312df\" data-id=\"f0312df\" data-element_type=\"column\" data-e-type=\"column\">\n\t\t\t<div class=\"elementor-widget-wrap elementor-element-populated\">\n\t\t\t\t\t\t<div class=\"elementor-element elementor-element-27a06b0 eael-dual-header-content-align-center elementor-widget elementor-widget-eael-dual-color-header\" data-id=\"27a06b0\" data-element_type=\"widget\" data-e-type=\"widget\" data-widget_type=\"eael-dual-color-header.default\">\n\t\t\t\t<div class=\"elementor-widget-container\">\n\t\t\t\t\t\t\t\t<div class=\"eael-dual-header\">\n\t\t\t\t<h2 class=\"title eael-dch-title\"><span class=\"eael-dch-title-text eael-dch-title-lead lead solid-color\">LEARN WITH THE ENGLISH LANGUAGE EXPERTS<\/span> <span class=\"eael-dch-title-text\"><\/span><\/h2>\t\t\t\t\t<span class=\"subtext\"><p>English Break &#8211; Online Language School<\/p><\/span>\n\t\t\t\t\t\t\t<\/div>\n\n\t\t\t\t\t\t<\/div>\n\t\t\t\t<\/div>\n\t\t\t\t\t<\/div>\n\t\t<\/div>\n\t\t\t\t\t<\/div>\n\t\t<\/section>\n\t\t\t\t<section class=\"elementor-section elementor-top-section elementor-element elementor-element-d4bce16 elementor-section-boxed elementor-section-height-default elementor-section-height-default\" data-id=\"d4bce16\" data-element_type=\"section\" data-e-type=\"section\">\n\t\t\t\t\t\t<div class=\"elementor-container elementor-column-gap-default\">\n\t\t\t\t\t<div class=\"elementor-column elementor-col-50 elementor-top-column elementor-element elementor-element-cea1f0b\" data-id=\"cea1f0b\" data-element_type=\"column\" data-e-type=\"column\">\n\t\t\t<div class=\"elementor-widget-wrap elementor-element-populated\">\n\t\t\t\t\t\t<div class=\"elementor-element elementor-element-8eecfb2 elementor-widget elementor-widget-image\" data-id=\"8eecfb2\" data-element_type=\"widget\" data-e-type=\"widget\" data-widget_type=\"image.default\">\n\t\t\t\t<div class=\"elementor-widget-container\">\n\t\t\t\t\t\t\t\t\t\t\t\t\t\t\t<img fetchpriority=\"high\" decoding=\"async\" width=\"450\" height=\"500\" src=\"https:\/\/englishbreak.eu\/en\/wp-content\/uploads\/2024\/03\/Karolina-Majdzinska-Nowak\u200b-1.png\" class=\"attachment-large size-large wp-image-2813\" alt=\"Karolina Nowak\" srcset=\"https:\/\/englishbreak.eu\/en\/wp-content\/uploads\/2024\/03\/Karolina-Majdzinska-Nowak\u200b-1.png 450w, https:\/\/englishbreak.eu\/en\/wp-content\/uploads\/2024\/03\/Karolina-Majdzinska-Nowak\u200b-1-270x300.png 270w\" sizes=\"(max-width: 450px) 100vw, 450px\" \/>\t\t\t\t\t\t\t\t\t\t\t\t\t\t\t<\/div>\n\t\t\t\t<\/div>\n\t\t\t\t\t<\/div>\n\t\t<\/div>\n\t\t\t\t<div class=\"elementor-column elementor-col-50 elementor-top-column elementor-element elementor-element-8817619\" data-id=\"8817619\" data-element_type=\"column\" data-e-type=\"column\">\n\t\t\t<div class=\"elementor-widget-wrap elementor-element-populated\">\n\t\t\t\t\t\t<div class=\"elementor-element elementor-element-da96a1b elementor-widget elementor-widget-heading\" data-id=\"da96a1b\" data-element_type=\"widget\" data-e-type=\"widget\" data-widget_type=\"heading.default\">\n\t\t\t\t<div class=\"elementor-widget-container\">\n\t\t\t\t\t<h1 class=\"elementor-heading-title elementor-size-default\">Karolina N.<\/h1>\t\t\t\t<\/div>\n\t\t\t\t<\/div>\n\t\t\t\t<div class=\"elementor-element elementor-element-084998b elementor-widget elementor-widget-text-editor\" data-id=\"084998b\" data-element_type=\"widget\" data-e-type=\"widget\" data-widget_type=\"text-editor.default\">\n\t\t\t\t<div class=\"elementor-widget-container\">\n\t\t\t\t\t\t\t\t\t<p>An English teacher with a Master\u2019s degree in English Philology obtained from the Faculty of Applied Linguistics at the University of Warsaw, specializing in Conversational English and grammar.<\/p>\t\t\t\t\t\t\t\t<\/div>\n\t\t\t\t<\/div>\n\t\t\t\t<div class=\"elementor-element elementor-element-7141894 elementor-widget elementor-widget-elementskit-video\" data-id=\"7141894\" data-element_type=\"widget\" data-e-type=\"widget\" data-widget_type=\"elementskit-video.default\">\n\t\t\t\t<div class=\"elementor-widget-container\">\n\t\t\t\t\t<div class=\"ekit-wid-con\" >\t\t<div class=\"video-content\" data-video-player=\"[]\" data-video-setting=\"{&quot;videoVolume&quot;:&quot;horizontal&quot;,&quot;startVolume&quot;:0.8,&quot;videoType&quot;:&quot;iframe&quot;,&quot;videoClass&quot;:&quot;mfp-fade&quot;,&quot;videoStyle&quot;:&quot;popup&quot;,&quot;videoTypeName&quot;:&quot;youtube&quot;,&quot;autoplay&quot;:false,&quot;muted&quot;:false,&quot;loop&quot;:false}\">\n\t\t\t\n<a class=\"ekit_icon_button glow-ripple ekit-video-popup ekit-video-popup-btn\" href=\"https:\/\/www.youtube.com\/embed\/0x8nF7sqpxc?feature=oembed?playlist=0x8nF7sqpxc&amp;mute=0&amp;autoplay=0&amp;loop=no&amp;controls=0&amp;start=0&amp;end=\" aria-label=\"video-popup\">\n\t\t\t\t<i aria-hidden=\"true\" class=\"icon icon-play\"><\/i>\t\t\n\t\t\t<\/a>\n\t\t\t\t\t\t\t<div class=\"ekit-hidden-icons\" hidden aria-hidden=\"true\">\n\t\t\t\t\t<i class=\"ekit-popup-close-icon icon icon-cancel\"><\/i>\t\t\t\t<\/div>\n\t\t<\/div>\n\t\t<\/div>\t\t\t\t<\/div>\n\t\t\t\t<\/div>\n\t\t\t\t\t<\/div>\n\t\t<\/div>\n\t\t\t\t\t<\/div>\n\t\t<\/section>\n\t\t\t\t<section class=\"elementor-section elementor-top-section elementor-element elementor-element-d0c93ee elementor-section-boxed elementor-section-height-default elementor-section-height-default\" data-id=\"d0c93ee\" data-element_type=\"section\" data-e-type=\"section\">\n\t\t\t\t\t\t<div class=\"elementor-container elementor-column-gap-default\">\n\t\t\t\t\t<div class=\"elementor-column elementor-col-100 elementor-top-column elementor-element elementor-element-1b11c2c\" data-id=\"1b11c2c\" data-element_type=\"column\" data-e-type=\"column\">\n\t\t\t<div class=\"elementor-widget-wrap elementor-element-populated\">\n\t\t\t\t\t\t<div class=\"elementor-element elementor-element-9588a4b elementor-widget elementor-widget-spacer\" data-id=\"9588a4b\" data-element_type=\"widget\" data-e-type=\"widget\" data-widget_type=\"spacer.default\">\n\t\t\t\t<div class=\"elementor-widget-container\">\n\t\t\t\t\t\t\t<div class=\"elementor-spacer\">\n\t\t\t<div class=\"elementor-spacer-inner\"><\/div>\n\t\t<\/div>\n\t\t\t\t\t\t<\/div>\n\t\t\t\t<\/div>\n\t\t\t\t\t<\/div>\n\t\t<\/div>\n\t\t\t\t\t<\/div>\n\t\t<\/section>\n\t\t\t\t<section class=\"elementor-section elementor-top-section elementor-element elementor-element-cf06e16 elementor-section-boxed elementor-section-height-default elementor-section-height-default\" data-id=\"cf06e16\" data-element_type=\"section\" data-e-type=\"section\" data-settings=\"{&quot;background_background&quot;:&quot;gradient&quot;}\">\n\t\t\t\t\t\t<div class=\"elementor-container elementor-column-gap-default\">\n\t\t\t\t\t<div class=\"elementor-column elementor-col-100 elementor-top-column elementor-element elementor-element-8fa8b75\" data-id=\"8fa8b75\" data-element_type=\"column\" data-e-type=\"column\">\n\t\t\t<div class=\"elementor-widget-wrap elementor-element-populated\">\n\t\t\t\t\t\t<div class=\"elementor-element elementor-element-57824e2 elementor-widget elementor-widget-heading\" data-id=\"57824e2\" data-element_type=\"widget\" data-e-type=\"widget\" data-widget_type=\"heading.default\">\n\t\t\t\t<div class=\"elementor-widget-container\">\n\t\t\t\t\t<h2 class=\"elementor-heading-title elementor-size-default\">Get to know me better<\/h2>\t\t\t\t<\/div>\n\t\t\t\t<\/div>\n\t\t\t\t\t<\/div>\n\t\t<\/div>\n\t\t\t\t\t<\/div>\n\t\t<\/section>\n\t\t\t\t<section class=\"elementor-section elementor-top-section elementor-element elementor-element-1ff4515 elementor-section-boxed elementor-section-height-default elementor-section-height-default\" data-id=\"1ff4515\" data-element_type=\"section\" data-e-type=\"section\">\n\t\t\t\t\t\t<div class=\"elementor-container elementor-column-gap-default\">\n\t\t\t\t\t<div class=\"elementor-column elementor-col-100 elementor-top-column elementor-element elementor-element-e7e1ea3\" data-id=\"e7e1ea3\" data-element_type=\"column\" data-e-type=\"column\">\n\t\t\t<div class=\"elementor-widget-wrap elementor-element-populated\">\n\t\t\t\t\t\t<div class=\"elementor-element elementor-element-8769aef elementor-widget elementor-widget-text-editor\" data-id=\"8769aef\" data-element_type=\"widget\" data-e-type=\"widget\" data-widget_type=\"text-editor.default\">\n\t\t\t\t<div class=\"elementor-widget-container\">\n\t\t\t\t\t\t\t\t\t<p>My name is Karolina, and I have been an English teacher for twenty years. I earned a Master&#8217;s degree in English Philology from the Faculty of Applied Linguistics at the University of Warsaw, majoring in Specialist Languages with a translation specialty. I also hold a Master&#8217;s degree in Russian Philology. Additionally, I studied both languages at the University in Tromso, Norway, located several hundred kilometers beyond the Arctic Circle. Furthermore, I have achieved the title of Microsoft Certified Educator, and for using innovative teaching techniques, I have been awarded the European Language Label (European mark of innovation in foreign language teaching and learning).<\/p><p><span style=\"font-size: inherit; text-align: inherit; color: var( --e-global-color-primary ); font-family: var(--fontFamily); font-style: var(--fontStyle, inherit); font-weight: var(--fontWeight); letter-spacing: var(--letterSpacing); text-transform: var(--textTransform);\">In my classes, I care about the atmosphere, proper selection of materials, and focus mainly on conversational English, although I admit that teaching grammar is also a pleasure for me. Years of working in public schools at various levels have allowed me to draw conclusions about what works in learning English and what to avoid. I am also interested in neurodidactics of foreign language teaching and try to use this knowledge in my classes.<\/span><br><\/p><p><span style=\"font-size: inherit; text-align: inherit; color: var( --e-global-color-primary ); font-family: var(--fontFamily); font-style: var(--fontStyle, inherit); font-weight: var(--fontWeight); letter-spacing: var(--letterSpacing); text-transform: var(--textTransform);\">In my personal life, I adore cinema, from Scandinavian crime dramas to Philomena Cunk. I love Greece and everything associated with it. I hope we will talk about these and many other topics in my classes at English Break. You are welcome to join!<\/span><br><\/p>\t\t\t\t\t\t\t\t<\/div>\n\t\t\t\t<\/div>\n\t\t\t\t\t<\/div>\n\t\t<\/div>\n\t\t\t\t\t<\/div>\n\t\t<\/section>\n\t\t\t\t<\/div>\n\t\t","protected":false},"excerpt":{"rendered":"<p>LEARN WITH THE ENGLISH LANGUAGE EXPERTS English Break &#8211; Online Language School Karolina N. An English teacher with a Master\u2019s degree in English Philology obtained from the Faculty of Applied Linguistics at the University of Warsaw, specializing in Conversational English and grammar. Get to know me better My name is Karolina, and I have been [&hellip;]<\/p>\n","protected":false},"author":3,"featured_media":0,"parent":0,"menu_order":0,"comment_status":"closed","ping_status":"closed","template":"elementor_header_footer","meta":{"footnotes":""},"class_list":["post-3011","page","type-page","status-publish","hentry"],"blocksy_meta":{"page_title_panel":"","has_hero_section":"disabled","a021d615acb00704d22a215bb20821ff":"","hero_section":"type-1","hero_elements":[{"id":"custom_title","enabled":true,"heading_tag":"h1","title":"Home"},{"id":"custom_description","enabled":true,"description_visibility":{"desktop":true,"tablet":true,"mobile":false}},{"id":"custom_meta","enabled":false,"meta_elements":[{"id":"author","enabled":true,"label":"By","has_author_avatar":"yes","avatar_size":25},{"id":"post_date","enabled":true,"label":"On","date_format_source":"default","date_format":"M j, Y"},{"id":"comments","enabled":true}],"page_meta_elements":{"joined":true,"articles_count":true,"comments":true}},{"id":"breadcrumbs","enabled":false}],"d0505c9bc2c3a100918983b7672c5e6d":"","hero_alignment1":"left","hero_alignment2":"center","hero_vertical_alignment":"center","69a73150cebfaece67402936f1c0455f":"","hero_structure":"narrow","bd1080d581870d75437a0aec7ce14d23":"","page_title_bg_type":"featured_image","custom_hero_background":{"attachment_id":null},"parallax":{"desktop":false,"tablet":false,"mobile":false},"a45ed0d64b9a771c158335017296bd80":"","hero_height":"250px","pageTitleFont":{"family":"Default","variation":"Default","size":{"desktop":"32px","tablet":"30px","mobile":"25px"},"line-height":"CT_CSS_SKIP_RULE","letter-spacing":"CT_CSS_SKIP_RULE","text-transform":"CT_CSS_SKIP_RULE","text-decoration":"CT_CSS_SKIP_RULE"},"pageTitleFontColor":{"default":{"color":"CT_CSS_SKIP_RULEDEFAULT"}},"pageMetaFont":{"family":"Default","variation":"n6","size":{"desktop":"12px","tablet":"12px","mobile":"12px"},"line-height":"1.3","letter-spacing":"CT_CSS_SKIP_RULE","text-transform":"uppercase","text-decoration":"CT_CSS_SKIP_RULE"},"pageMetaFontColor":{"default":{"color":"CT_CSS_SKIP_RULEDEFAULT"},"hover":{"color":"CT_CSS_SKIP_RULEDEFAULT"}},"pageExcerptFont":{"family":"Default","variation":"Default","size":"CT_CSS_SKIP_RULE","line-height":"CT_CSS_SKIP_RULE","letter-spacing":"CT_CSS_SKIP_RULE","text-transform":"CT_CSS_SKIP_RULE","text-decoration":"CT_CSS_SKIP_RULE"},"pageExcerptColor":{"default":{"color":"CT_CSS_SKIP_RULEDEFAULT"}},"breadcrumbsFont":{"family":"Default","variation":"n6","size":"12px","line-height":"CT_CSS_SKIP_RULE","letter-spacing":"CT_CSS_SKIP_RULE","text-transform":"uppercase","text-decoration":"CT_CSS_SKIP_RULE"},"breadcrumbsFontColor":{"default":{"color":"CT_CSS_SKIP_RULEDEFAULT"},"initial":{"color":"CT_CSS_SKIP_RULEDEFAULT"},"hover":{"color":"CT_CSS_SKIP_RULEDEFAULT"}},"pageTitleOverlay":{"default":{"color":"rgba(41, 51, 60, 0.2)"}},"pageTitleBackground":{"background_type":"color","background_pattern":"type-1","background_image":{"attachment_id":null,"x":0,"y":0},"background_repeat":"no-repeat","background_size":"auto","background_attachment":"scroll","patternColor":{"default":{"color":"#e5e7ea"}},"backgroundColor":{"default":{"color":"#EDEFF2"}}},"c0700eea2d5f2a79943114245d9b0d3c":"","page_structure_type":"default","content_style":"inherit","vertical_spacing_source":"custom","content_area_spacing":"none","background":{"background_type":"color","background_pattern":"type-1","background_image":{"attachment_id":null,"x":0,"y":0},"background_repeat":"no-repeat","background_size":"auto","background_attachment":"scroll","patternColor":{"default":{"color":"#e5e7ea"}},"backgroundColor":{"default":{"color":"CT_CSS_SKIP_RULE"}}},"content_background":{"background_type":"color","background_pattern":"type-1","background_image":{"attachment_id":null,"x":0,"y":0},"background_repeat":"no-repeat","background_size":"auto","background_attachment":"scroll","patternColor":{"default":{"color":"#e5e7ea"}},"backgroundColor":{"default":{"color":"#ffffff"}}},"content_boxed_spacing":{"desktop":"40px","tablet":"35px","mobile":"20px"},"content_boxed_radius":{"top":"3px","bottom":"3px","left":"3px","right":"3px","linked":true},"content_boxed_shadow":{"blur":18,"spread":-6,"v_offset":12,"h_offset":0,"inset":false,"enable":true,"color":{"color":"rgba(34, 56, 101, 0.04)"}},"05c14464af83440d2458a3b59cd3c7c8":"","disable_featured_image":"no","disable_header":"no","disable_footer":"no","styles_descriptor":{"styles":{"desktop":"","tablet":"","mobile":""},"google_fonts":[],"version":6}},"yoast_head":"<!-- This site is optimized with the Yoast SEO plugin v25.3.1 - https:\/\/yoast.com\/wordpress\/plugins\/seo\/ -->\n<title>Karolina N. - English Break<\/title>\n<meta name=\"robots\" content=\"noindex, follow\" \/>\n<meta property=\"og:locale\" content=\"en_US\" \/>\n<meta property=\"og:type\" content=\"article\" \/>\n<meta property=\"og:title\" content=\"Karolina N. - English Break\" \/>\n<meta property=\"og:description\" content=\"LEARN WITH THE ENGLISH LANGUAGE EXPERTS English Break &#8211; Online Language School Karolina N. An English teacher with a Master\u2019s degree in English Philology obtained from the Faculty of Applied Linguistics at the University of Warsaw, specializing in Conversational English and grammar. Get to know me better My name is Karolina, and I have been [&hellip;]\" \/>\n<meta property=\"og:url\" content=\"https:\/\/englishbreak.eu\/en\/karolina-n\/\" \/>\n<meta property=\"og:site_name\" content=\"English Break\" \/>\n<meta property=\"article:modified_time\" content=\"2025-07-14T07:20:06+00:00\" \/>\n<meta name=\"twitter:card\" content=\"summary_large_image\" \/>\n<meta name=\"twitter:label1\" content=\"Est. reading time\" \/>\n\t<meta name=\"twitter:data1\" content=\"2 minutes\" \/>\n<script type=\"application\/ld+json\" class=\"yoast-schema-graph\">{\"@context\":\"https:\/\/schema.org\",\"@graph\":[{\"@type\":\"WebPage\",\"@id\":\"https:\/\/englishbreak.eu\/en\/karolina-n\/\",\"url\":\"https:\/\/englishbreak.eu\/en\/karolina-n\/\",\"name\":\"Karolina N. - English Break\",\"isPartOf\":{\"@id\":\"https:\/\/englishbreak.eu\/en\/#website\"},\"datePublished\":\"2020-08-14T12:29:45+00:00\",\"dateModified\":\"2025-07-14T07:20:06+00:00\",\"breadcrumb\":{\"@id\":\"https:\/\/englishbreak.eu\/en\/karolina-n\/#breadcrumb\"},\"inLanguage\":\"en-US\",\"potentialAction\":[{\"@type\":\"ReadAction\",\"target\":[\"https:\/\/englishbreak.eu\/en\/karolina-n\/\"]}]},{\"@type\":\"BreadcrumbList\",\"@id\":\"https:\/\/englishbreak.eu\/en\/karolina-n\/#breadcrumb\",\"itemListElement\":[{\"@type\":\"ListItem\",\"position\":1,\"name\":\"Home\",\"item\":\"https:\/\/englishbreak.eu\/en\/\"},{\"@type\":\"ListItem\",\"position\":2,\"name\":\"Karolina N.\"}]},{\"@type\":\"WebSite\",\"@id\":\"https:\/\/englishbreak.eu\/en\/#website\",\"url\":\"https:\/\/englishbreak.eu\/en\/\",\"name\":\"English Break\",\"description\":\"Angielski Rzesz\u00f3w, Kursy Angielskiego Rzesz\u00f3w, Angielski online Rzesz\u00f3w\",\"publisher\":{\"@id\":\"https:\/\/englishbreak.eu\/en\/#organization\"},\"potentialAction\":[{\"@type\":\"SearchAction\",\"target\":{\"@type\":\"EntryPoint\",\"urlTemplate\":\"https:\/\/englishbreak.eu\/en\/?s={search_term_string}\"},\"query-input\":{\"@type\":\"PropertyValueSpecification\",\"valueRequired\":true,\"valueName\":\"search_term_string\"}}],\"inLanguage\":\"en-US\"},{\"@type\":\"Organization\",\"@id\":\"https:\/\/englishbreak.eu\/en\/#organization\",\"name\":\"English Break\",\"url\":\"https:\/\/englishbreak.eu\/en\/\",\"logo\":{\"@type\":\"ImageObject\",\"inLanguage\":\"en-US\",\"@id\":\"https:\/\/englishbreak.eu\/en\/#\/schema\/logo\/image\/\",\"url\":\"https:\/\/englishbreak.eu\/en\/wp-content\/uploads\/2024\/03\/EnglishBreak_logo_2-e1708678453457.png\",\"contentUrl\":\"https:\/\/englishbreak.eu\/en\/wp-content\/uploads\/2024\/03\/EnglishBreak_logo_2-e1708678453457.png\",\"width\":635,\"height\":288,\"caption\":\"English Break\"},\"image\":{\"@id\":\"https:\/\/englishbreak.eu\/en\/#\/schema\/logo\/image\/\"}}]}<\/script>\n<!-- \/ Yoast SEO plugin. -->","yoast_head_json":{"title":"Karolina N. - English Break","robots":{"index":"noindex","follow":"follow"},"og_locale":"en_US","og_type":"article","og_title":"Karolina N. - English Break","og_description":"LEARN WITH THE ENGLISH LANGUAGE EXPERTS English Break &#8211; Online Language School Karolina N. An English teacher with a Master\u2019s degree in English Philology obtained from the Faculty of Applied Linguistics at the University of Warsaw, specializing in Conversational English and grammar. Get to know me better My name is Karolina, and I have been [&hellip;]","og_url":"https:\/\/englishbreak.eu\/en\/karolina-n\/","og_site_name":"English Break","article_modified_time":"2025-07-14T07:20:06+00:00","twitter_card":"summary_large_image","twitter_misc":{"Est. reading time":"2 minutes"},"schema":{"@context":"https:\/\/schema.org","@graph":[{"@type":"WebPage","@id":"https:\/\/englishbreak.eu\/en\/karolina-n\/","url":"https:\/\/englishbreak.eu\/en\/karolina-n\/","name":"Karolina N. - English Break","isPartOf":{"@id":"https:\/\/englishbreak.eu\/en\/#website"},"datePublished":"2020-08-14T12:29:45+00:00","dateModified":"2025-07-14T07:20:06+00:00","breadcrumb":{"@id":"https:\/\/englishbreak.eu\/en\/karolina-n\/#breadcrumb"},"inLanguage":"en-US","potentialAction":[{"@type":"ReadAction","target":["https:\/\/englishbreak.eu\/en\/karolina-n\/"]}]},{"@type":"BreadcrumbList","@id":"https:\/\/englishbreak.eu\/en\/karolina-n\/#breadcrumb","itemListElement":[{"@type":"ListItem","position":1,"name":"Home","item":"https:\/\/englishbreak.eu\/en\/"},{"@type":"ListItem","position":2,"name":"Karolina N."}]},{"@type":"WebSite","@id":"https:\/\/englishbreak.eu\/en\/#website","url":"https:\/\/englishbreak.eu\/en\/","name":"English Break","description":"Angielski Rzesz\u00f3w, Kursy Angielskiego Rzesz\u00f3w, Angielski online Rzesz\u00f3w","publisher":{"@id":"https:\/\/englishbreak.eu\/en\/#organization"},"potentialAction":[{"@type":"SearchAction","target":{"@type":"EntryPoint","urlTemplate":"https:\/\/englishbreak.eu\/en\/?s={search_term_string}"},"query-input":{"@type":"PropertyValueSpecification","valueRequired":true,"valueName":"search_term_string"}}],"inLanguage":"en-US"},{"@type":"Organization","@id":"https:\/\/englishbreak.eu\/en\/#organization","name":"English Break","url":"https:\/\/englishbreak.eu\/en\/","logo":{"@type":"ImageObject","inLanguage":"en-US","@id":"https:\/\/englishbreak.eu\/en\/#\/schema\/logo\/image\/","url":"https:\/\/englishbreak.eu\/en\/wp-content\/uploads\/2024\/03\/EnglishBreak_logo_2-e1708678453457.png","contentUrl":"https:\/\/englishbreak.eu\/en\/wp-content\/uploads\/2024\/03\/EnglishBreak_logo_2-e1708678453457.png","width":635,"height":288,"caption":"English Break"},"image":{"@id":"https:\/\/englishbreak.eu\/en\/#\/schema\/logo\/image\/"}}]}},"_links":{"self":[{"href":"https:\/\/englishbreak.eu\/en\/wp-json\/wp\/v2\/pages\/3011","targetHints":{"allow":["GET"]}}],"collection":[{"href":"https:\/\/englishbreak.eu\/en\/wp-json\/wp\/v2\/pages"}],"about":[{"href":"https:\/\/englishbreak.eu\/en\/wp-json\/wp\/v2\/types\/page"}],"author":[{"embeddable":true,"href":"https:\/\/englishbreak.eu\/en\/wp-json\/wp\/v2\/users\/3"}],"replies":[{"embeddable":true,"href":"https:\/\/englishbreak.eu\/en\/wp-json\/wp\/v2\/comments?post=3011"}],"version-history":[{"count":8,"href":"https:\/\/englishbreak.eu\/en\/wp-json\/wp\/v2\/pages\/3011\/revisions"}],"predecessor-version":[{"id":3255,"href":"https:\/\/englishbreak.eu\/en\/wp-json\/wp\/v2\/pages\/3011\/revisions\/3255"}],"wp:attachment":[{"href":"https:\/\/englishbreak.eu\/en\/wp-json\/wp\/v2\/media?parent=3011"}],"curies":[{"name":"wp","href":"https:\/\/api.w.org\/{rel}","templated":true}]}}