{"id":3175,"date":"2024-05-06T10:25:15","date_gmt":"2024-05-06T08:25:15","guid":{"rendered":"https:\/\/englishbreak.eu\/en\/?page_id=3175"},"modified":"2025-07-14T09:20:31","modified_gmt":"2025-07-14T07:20:31","slug":"lauren","status":"publish","type":"page","link":"https:\/\/englishbreak.eu\/en\/lauren\/","title":{"rendered":"Lauren"},"content":{"rendered":"\t\t<div data-elementor-type=\"wp-page\" data-elementor-id=\"3175\" class=\"elementor elementor-3175\">\n\t\t\t\t\t\t<section class=\"elementor-section elementor-top-section elementor-element elementor-element-2b5bba7b elementor-section-height-min-height elementor-section-boxed elementor-section-height-default elementor-section-items-middle\" data-id=\"2b5bba7b\" data-element_type=\"section\" data-e-type=\"section\" data-settings=\"{&quot;background_background&quot;:&quot;slideshow&quot;,&quot;background_slideshow_gallery&quot;:[{&quot;id&quot;:2783,&quot;url&quot;:&quot;https:\\\/\\\/englishbreak.eu\\\/en\\\/wp-content\\\/uploads\\\/2024\\\/03\\\/nauczycielka-angielskiego-prowadzi-zajecia-na-laptopie_23-2149019771.webp&quot;},{&quot;id&quot;:2784,&quot;url&quot;:&quot;https:\\\/\\\/englishbreak.eu\\\/en\\\/wp-content\\\/uploads\\\/2024\\\/03\\\/Bez-nazwy-123-01.png&quot;},{&quot;id&quot;:2782,&quot;url&quot;:&quot;https:\\\/\\\/englishbreak.eu\\\/en\\\/wp-content\\\/uploads\\\/2024\\\/03\\\/Bez-nazwy-1-01.png&quot;},{&quot;id&quot;:2781,&quot;url&quot;:&quot;https:\\\/\\\/englishbreak.eu\\\/en\\\/wp-content\\\/uploads\\\/2024\\\/03\\\/Bez-nazwy-13-01.png&quot;}],&quot;background_slideshow_slide_duration&quot;:2300,&quot;background_slideshow_loop&quot;:&quot;yes&quot;,&quot;background_slideshow_slide_transition&quot;:&quot;fade&quot;,&quot;background_slideshow_transition_duration&quot;:500}\">\n\t\t\t\t\t\t\t<div class=\"elementor-background-overlay\"><\/div>\n\t\t\t\t\t\t\t<div class=\"elementor-container elementor-column-gap-default\">\n\t\t\t\t\t<div class=\"elementor-column elementor-col-100 elementor-top-column elementor-element elementor-element-3bb145e9\" data-id=\"3bb145e9\" data-element_type=\"column\" data-e-type=\"column\">\n\t\t\t<div class=\"elementor-widget-wrap elementor-element-populated\">\n\t\t\t\t\t\t<div class=\"elementor-element elementor-element-49e2b5f3 eael-dual-header-content-align-center elementor-widget elementor-widget-eael-dual-color-header\" data-id=\"49e2b5f3\" data-element_type=\"widget\" data-e-type=\"widget\" data-widget_type=\"eael-dual-color-header.default\">\n\t\t\t\t<div class=\"elementor-widget-container\">\n\t\t\t\t\t\t\t\t<div class=\"eael-dual-header\">\n\t\t\t\t<h2 class=\"title eael-dch-title\"><span class=\"eael-dch-title-text eael-dch-title-lead lead solid-color\">LEARN WITH THE ENGLISH LANGUAGE EXPERTS<\/span> <span class=\"eael-dch-title-text\"><\/span><\/h2>\t\t\t\t\t<span class=\"subtext\"><p>English Break &#8211; Online Language School<\/p><\/span>\n\t\t\t\t\t\t\t<\/div>\n\n\t\t\t\t\t\t<\/div>\n\t\t\t\t<\/div>\n\t\t\t\t\t<\/div>\n\t\t<\/div>\n\t\t\t\t\t<\/div>\n\t\t<\/section>\n\t\t\t\t<section class=\"elementor-section elementor-top-section elementor-element elementor-element-9d5c096 elementor-section-boxed elementor-section-height-default elementor-section-height-default\" data-id=\"9d5c096\" data-element_type=\"section\" data-e-type=\"section\">\n\t\t\t\t\t\t<div class=\"elementor-container elementor-column-gap-default\">\n\t\t\t\t\t<div class=\"elementor-column elementor-col-50 elementor-top-column elementor-element elementor-element-5959eb2\" data-id=\"5959eb2\" data-element_type=\"column\" data-e-type=\"column\">\n\t\t\t<div class=\"elementor-widget-wrap elementor-element-populated\">\n\t\t\t\t\t\t<div class=\"elementor-element elementor-element-64455519 elementor-widget elementor-widget-image\" data-id=\"64455519\" data-element_type=\"widget\" data-e-type=\"widget\" data-widget_type=\"image.default\">\n\t\t\t\t<div class=\"elementor-widget-container\">\n\t\t\t\t\t\t\t\t\t\t\t\t\t\t\t<img fetchpriority=\"high\" decoding=\"async\" width=\"450\" height=\"500\" src=\"https:\/\/englishbreak.eu\/en\/wp-content\/uploads\/2024\/05\/lauren-borick.jpg\" class=\"attachment-large size-large wp-image-3168\" alt=\"lauren borick english tutor\" srcset=\"https:\/\/englishbreak.eu\/en\/wp-content\/uploads\/2024\/05\/lauren-borick.jpg 450w, https:\/\/englishbreak.eu\/en\/wp-content\/uploads\/2024\/05\/lauren-borick-270x300.jpg 270w\" sizes=\"(max-width: 450px) 100vw, 450px\" \/>\t\t\t\t\t\t\t\t\t\t\t\t\t\t\t<\/div>\n\t\t\t\t<\/div>\n\t\t\t\t\t<\/div>\n\t\t<\/div>\n\t\t\t\t<div class=\"elementor-column elementor-col-50 elementor-top-column elementor-element elementor-element-e4122d9\" data-id=\"e4122d9\" data-element_type=\"column\" data-e-type=\"column\">\n\t\t\t<div class=\"elementor-widget-wrap elementor-element-populated\">\n\t\t\t\t\t\t<div class=\"elementor-element elementor-element-35bdd437 elementor-widget elementor-widget-heading\" data-id=\"35bdd437\" data-element_type=\"widget\" data-e-type=\"widget\" data-widget_type=\"heading.default\">\n\t\t\t\t<div class=\"elementor-widget-container\">\n\t\t\t\t\t<h1 class=\"elementor-heading-title elementor-size-default\">Lauren<\/h1>\t\t\t\t<\/div>\n\t\t\t\t<\/div>\n\t\t\t\t<div class=\"elementor-element elementor-element-2cb3dd09 elementor-widget elementor-widget-text-editor\" data-id=\"2cb3dd09\" data-element_type=\"widget\" data-e-type=\"widget\" data-widget_type=\"text-editor.default\">\n\t\t\t\t<div class=\"elementor-widget-container\">\n\t\t\t\t\t\t\t\t\t<p>Certified English teacher from the USA, currently living in Poland. Her lessons focus on conversations and practical language use, creating a friendly environment.<\/p>\t\t\t\t\t\t\t\t<\/div>\n\t\t\t\t<\/div>\n\t\t\t\t<div class=\"elementor-element elementor-element-ed770db elementor-widget elementor-widget-elementskit-video\" data-id=\"ed770db\" data-element_type=\"widget\" data-e-type=\"widget\" data-widget_type=\"elementskit-video.default\">\n\t\t\t\t<div class=\"elementor-widget-container\">\n\t\t\t\t\t<div class=\"ekit-wid-con\" >\t\t<div class=\"video-content\" data-video-player=\"[]\" data-video-setting=\"{&quot;videoVolume&quot;:&quot;horizontal&quot;,&quot;startVolume&quot;:0.8,&quot;videoType&quot;:&quot;iframe&quot;,&quot;videoClass&quot;:&quot;mfp-fade&quot;,&quot;videoStyle&quot;:&quot;popup&quot;,&quot;videoTypeName&quot;:&quot;youtube&quot;,&quot;autoplay&quot;:false,&quot;muted&quot;:false,&quot;loop&quot;:false}\">\n\t\t\t\n<a class=\"ekit_icon_button glow-ripple ekit-video-popup ekit-video-popup-btn\" href=\"https:\/\/www.youtube.com\/embed\/hdj2NxCx5WU?feature=oembed?playlist=hdj2NxCx5WU&amp;mute=0&amp;autoplay=0&amp;loop=no&amp;controls=0&amp;start=0&amp;end=\" aria-label=\"video-popup\">\n\t\t\t\t<i aria-hidden=\"true\" class=\"icon icon-play\"><\/i>\t\t\n\t\t\t<\/a>\n\t\t\t\t\t\t\t<div class=\"ekit-hidden-icons\" hidden aria-hidden=\"true\">\n\t\t\t\t\t<i class=\"ekit-popup-close-icon icon icon-cancel\"><\/i>\t\t\t\t<\/div>\n\t\t<\/div>\n\t\t<\/div>\t\t\t\t<\/div>\n\t\t\t\t<\/div>\n\t\t\t\t\t<\/div>\n\t\t<\/div>\n\t\t\t\t\t<\/div>\n\t\t<\/section>\n\t\t\t\t<section class=\"elementor-section elementor-top-section elementor-element elementor-element-5466de34 elementor-section-boxed elementor-section-height-default elementor-section-height-default\" data-id=\"5466de34\" data-element_type=\"section\" data-e-type=\"section\">\n\t\t\t\t\t\t<div class=\"elementor-container elementor-column-gap-default\">\n\t\t\t\t\t<div class=\"elementor-column elementor-col-100 elementor-top-column elementor-element elementor-element-6e6ec037\" data-id=\"6e6ec037\" data-element_type=\"column\" data-e-type=\"column\">\n\t\t\t<div class=\"elementor-widget-wrap elementor-element-populated\">\n\t\t\t\t\t\t<div class=\"elementor-element elementor-element-2986a60b elementor-widget elementor-widget-spacer\" data-id=\"2986a60b\" data-element_type=\"widget\" data-e-type=\"widget\" data-widget_type=\"spacer.default\">\n\t\t\t\t<div class=\"elementor-widget-container\">\n\t\t\t\t\t\t\t<div class=\"elementor-spacer\">\n\t\t\t<div class=\"elementor-spacer-inner\"><\/div>\n\t\t<\/div>\n\t\t\t\t\t\t<\/div>\n\t\t\t\t<\/div>\n\t\t\t\t\t<\/div>\n\t\t<\/div>\n\t\t\t\t\t<\/div>\n\t\t<\/section>\n\t\t\t\t<section class=\"elementor-section elementor-top-section elementor-element elementor-element-13ed5e60 elementor-section-boxed elementor-section-height-default elementor-section-height-default\" data-id=\"13ed5e60\" data-element_type=\"section\" data-e-type=\"section\" data-settings=\"{&quot;background_background&quot;:&quot;gradient&quot;}\">\n\t\t\t\t\t\t<div class=\"elementor-container elementor-column-gap-default\">\n\t\t\t\t\t<div class=\"elementor-column elementor-col-100 elementor-top-column elementor-element elementor-element-174a4f22\" data-id=\"174a4f22\" data-element_type=\"column\" data-e-type=\"column\">\n\t\t\t<div class=\"elementor-widget-wrap elementor-element-populated\">\n\t\t\t\t\t\t<div class=\"elementor-element elementor-element-69c210cb elementor-widget elementor-widget-heading\" data-id=\"69c210cb\" data-element_type=\"widget\" data-e-type=\"widget\" data-widget_type=\"heading.default\">\n\t\t\t\t<div class=\"elementor-widget-container\">\n\t\t\t\t\t<h2 class=\"elementor-heading-title elementor-size-default\">Get to know me better<\/h2>\t\t\t\t<\/div>\n\t\t\t\t<\/div>\n\t\t\t\t\t<\/div>\n\t\t<\/div>\n\t\t\t\t\t<\/div>\n\t\t<\/section>\n\t\t\t\t<section class=\"elementor-section elementor-top-section elementor-element elementor-element-74b60c63 elementor-section-boxed elementor-section-height-default elementor-section-height-default\" data-id=\"74b60c63\" data-element_type=\"section\" data-e-type=\"section\">\n\t\t\t\t\t\t<div class=\"elementor-container elementor-column-gap-default\">\n\t\t\t\t\t<div class=\"elementor-column elementor-col-100 elementor-top-column elementor-element elementor-element-79c9eb45\" data-id=\"79c9eb45\" data-element_type=\"column\" data-e-type=\"column\">\n\t\t\t<div class=\"elementor-widget-wrap elementor-element-populated\">\n\t\t\t\t\t\t<div class=\"elementor-element elementor-element-5f397374 elementor-widget elementor-widget-text-editor\" data-id=\"5f397374\" data-element_type=\"widget\" data-e-type=\"widget\" data-widget_type=\"text-editor.default\">\n\t\t\t\t<div class=\"elementor-widget-container\">\n\t\t\t\t\t\t\t\t\t<p>My name is Lauren, and I\u2019m an American ESL Teacher who currently lives in Poland. I\u2019ve been teaching English since graduating from university in 2013 and along the way have acquired my TEFL and CELTA certificates. Poland is the sixth country I\u2019ve taught in, and I\u2019ve been using this opportunity to connect with my family who lives here and learn more about my heritage. I\u2019ve also started learning Polish, so I understand how frustrating learning a second language can be.<\/p><p>My classes mainly focus on speaking and discussion to help my students feel confident when conversing with a native speaker. Grammar is a part of my classes, but it is not the main component. As a teacher, I believe the best way to learn a language is to speak it as much as possible. I\u2019m here to help create a friendly and comfortable environment so that every student feels like they can speak without the fear of being judged. If there is something specific a student wants to focus on, I have no issue modifying my classes to meet their needs.<\/p><p>My personal life consists of many books, very long walks, and spending time with my foster kitten. I\u2019m a lover of fiction, and I\u2019m slowly building up my digital library. I probably drink too much coffee, like many Americans, and I\u2019m constantly trying to find new recipes to motivate myself to cook a proper meal.<\/p><p>I hope to meet you soon and help you along your English journey.<\/p>\t\t\t\t\t\t\t\t<\/div>\n\t\t\t\t<\/div>\n\t\t\t\t\t<\/div>\n\t\t<\/div>\n\t\t\t\t\t<\/div>\n\t\t<\/section>\n\t\t\t\t<section class=\"elementor-section elementor-top-section elementor-element elementor-element-827b880 elementor-section-boxed elementor-section-height-default elementor-section-height-default\" data-id=\"827b880\" data-element_type=\"section\" data-e-type=\"section\">\n\t\t\t\t\t\t<div class=\"elementor-container elementor-column-gap-default\">\n\t\t\t\t\t<div class=\"elementor-column elementor-col-100 elementor-top-column elementor-element elementor-element-ce4e702\" data-id=\"ce4e702\" data-element_type=\"column\" data-e-type=\"column\">\n\t\t\t<div class=\"elementor-widget-wrap elementor-element-populated\">\n\t\t\t\t\t\t<div class=\"elementor-element elementor-element-889b36d elementor-widget elementor-widget-spacer\" data-id=\"889b36d\" data-element_type=\"widget\" data-e-type=\"widget\" data-widget_type=\"spacer.default\">\n\t\t\t\t<div class=\"elementor-widget-container\">\n\t\t\t\t\t\t\t<div class=\"elementor-spacer\">\n\t\t\t<div class=\"elementor-spacer-inner\"><\/div>\n\t\t<\/div>\n\t\t\t\t\t\t<\/div>\n\t\t\t\t<\/div>\n\t\t\t\t\t<\/div>\n\t\t<\/div>\n\t\t\t\t\t<\/div>\n\t\t<\/section>\n\t\t\t\t<\/div>\n\t\t","protected":false},"excerpt":{"rendered":"<p>LEARN WITH THE ENGLISH LANGUAGE EXPERTS English Break &#8211; Online Language School Lauren Certified English teacher from the USA, currently living in Poland. Her lessons focus on conversations and practical language use, creating a friendly environment. Get to know me better My name is Lauren, and I\u2019m an American ESL Teacher who currently lives in [&hellip;]<\/p>\n","protected":false},"author":3,"featured_media":0,"parent":0,"menu_order":0,"comment_status":"closed","ping_status":"closed","template":"elementor_header_footer","meta":{"footnotes":""},"class_list":["post-3175","page","type-page","status-publish","hentry"],"blocksy_meta":[],"yoast_head":"<!-- This site is optimized with the Yoast SEO plugin v25.3.1 - https:\/\/yoast.com\/wordpress\/plugins\/seo\/ -->\n<title>Lauren - English Break<\/title>\n<meta name=\"robots\" content=\"noindex, follow\" \/>\n<meta property=\"og:locale\" content=\"en_US\" \/>\n<meta property=\"og:type\" content=\"article\" \/>\n<meta property=\"og:title\" content=\"Lauren - English Break\" \/>\n<meta property=\"og:description\" content=\"LEARN WITH THE ENGLISH LANGUAGE EXPERTS English Break &#8211; Online Language School Lauren Certified English teacher from the USA, currently living in Poland. Her lessons focus on conversations and practical language use, creating a friendly environment. Get to know me better My name is Lauren, and I\u2019m an American ESL Teacher who currently lives in [&hellip;]\" \/>\n<meta property=\"og:url\" content=\"https:\/\/englishbreak.eu\/en\/lauren\/\" \/>\n<meta property=\"og:site_name\" content=\"English Break\" \/>\n<meta property=\"article:modified_time\" content=\"2025-07-14T07:20:31+00:00\" \/>\n<meta property=\"og:image\" content=\"https:\/\/englishbreak.eu\/en\/wp-content\/uploads\/2024\/05\/lauren-borick.jpg\" \/>\n<meta name=\"twitter:card\" content=\"summary_large_image\" \/>\n<meta name=\"twitter:label1\" content=\"Est. reading time\" \/>\n\t<meta name=\"twitter:data1\" content=\"2 minutes\" \/>\n<script type=\"application\/ld+json\" class=\"yoast-schema-graph\">{\"@context\":\"https:\/\/schema.org\",\"@graph\":[{\"@type\":\"WebPage\",\"@id\":\"https:\/\/englishbreak.eu\/en\/lauren\/\",\"url\":\"https:\/\/englishbreak.eu\/en\/lauren\/\",\"name\":\"Lauren - English Break\",\"isPartOf\":{\"@id\":\"https:\/\/englishbreak.eu\/en\/#website\"},\"primaryImageOfPage\":{\"@id\":\"https:\/\/englishbreak.eu\/en\/lauren\/#primaryimage\"},\"image\":{\"@id\":\"https:\/\/englishbreak.eu\/en\/lauren\/#primaryimage\"},\"thumbnailUrl\":\"https:\/\/englishbreak.eu\/en\/wp-content\/uploads\/2024\/05\/lauren-borick.jpg\",\"datePublished\":\"2024-05-06T08:25:15+00:00\",\"dateModified\":\"2025-07-14T07:20:31+00:00\",\"breadcrumb\":{\"@id\":\"https:\/\/englishbreak.eu\/en\/lauren\/#breadcrumb\"},\"inLanguage\":\"en-US\",\"potentialAction\":[{\"@type\":\"ReadAction\",\"target\":[\"https:\/\/englishbreak.eu\/en\/lauren\/\"]}]},{\"@type\":\"ImageObject\",\"inLanguage\":\"en-US\",\"@id\":\"https:\/\/englishbreak.eu\/en\/lauren\/#primaryimage\",\"url\":\"https:\/\/englishbreak.eu\/en\/wp-content\/uploads\/2024\/05\/lauren-borick.jpg\",\"contentUrl\":\"https:\/\/englishbreak.eu\/en\/wp-content\/uploads\/2024\/05\/lauren-borick.jpg\",\"width\":450,\"height\":500,\"caption\":\"lauren borick english tutor\"},{\"@type\":\"BreadcrumbList\",\"@id\":\"https:\/\/englishbreak.eu\/en\/lauren\/#breadcrumb\",\"itemListElement\":[{\"@type\":\"ListItem\",\"position\":1,\"name\":\"Home\",\"item\":\"https:\/\/englishbreak.eu\/en\/\"},{\"@type\":\"ListItem\",\"position\":2,\"name\":\"Lauren\"}]},{\"@type\":\"WebSite\",\"@id\":\"https:\/\/englishbreak.eu\/en\/#website\",\"url\":\"https:\/\/englishbreak.eu\/en\/\",\"name\":\"English Break\",\"description\":\"Angielski Rzesz\u00f3w, Kursy Angielskiego Rzesz\u00f3w, Angielski online Rzesz\u00f3w\",\"publisher\":{\"@id\":\"https:\/\/englishbreak.eu\/en\/#organization\"},\"potentialAction\":[{\"@type\":\"SearchAction\",\"target\":{\"@type\":\"EntryPoint\",\"urlTemplate\":\"https:\/\/englishbreak.eu\/en\/?s={search_term_string}\"},\"query-input\":{\"@type\":\"PropertyValueSpecification\",\"valueRequired\":true,\"valueName\":\"search_term_string\"}}],\"inLanguage\":\"en-US\"},{\"@type\":\"Organization\",\"@id\":\"https:\/\/englishbreak.eu\/en\/#organization\",\"name\":\"English Break\",\"url\":\"https:\/\/englishbreak.eu\/en\/\",\"logo\":{\"@type\":\"ImageObject\",\"inLanguage\":\"en-US\",\"@id\":\"https:\/\/englishbreak.eu\/en\/#\/schema\/logo\/image\/\",\"url\":\"https:\/\/englishbreak.eu\/en\/wp-content\/uploads\/2024\/03\/EnglishBreak_logo_2-e1708678453457.png\",\"contentUrl\":\"https:\/\/englishbreak.eu\/en\/wp-content\/uploads\/2024\/03\/EnglishBreak_logo_2-e1708678453457.png\",\"width\":635,\"height\":288,\"caption\":\"English Break\"},\"image\":{\"@id\":\"https:\/\/englishbreak.eu\/en\/#\/schema\/logo\/image\/\"}}]}<\/script>\n<!-- \/ Yoast SEO plugin. -->","yoast_head_json":{"title":"Lauren - English Break","robots":{"index":"noindex","follow":"follow"},"og_locale":"en_US","og_type":"article","og_title":"Lauren - English Break","og_description":"LEARN WITH THE ENGLISH LANGUAGE EXPERTS English Break &#8211; Online Language School Lauren Certified English teacher from the USA, currently living in Poland. Her lessons focus on conversations and practical language use, creating a friendly environment. Get to know me better My name is Lauren, and I\u2019m an American ESL Teacher who currently lives in [&hellip;]","og_url":"https:\/\/englishbreak.eu\/en\/lauren\/","og_site_name":"English Break","article_modified_time":"2025-07-14T07:20:31+00:00","og_image":[{"url":"https:\/\/englishbreak.eu\/en\/wp-content\/uploads\/2024\/05\/lauren-borick.jpg","type":"","width":"","height":""}],"twitter_card":"summary_large_image","twitter_misc":{"Est. reading time":"2 minutes"},"schema":{"@context":"https:\/\/schema.org","@graph":[{"@type":"WebPage","@id":"https:\/\/englishbreak.eu\/en\/lauren\/","url":"https:\/\/englishbreak.eu\/en\/lauren\/","name":"Lauren - English Break","isPartOf":{"@id":"https:\/\/englishbreak.eu\/en\/#website"},"primaryImageOfPage":{"@id":"https:\/\/englishbreak.eu\/en\/lauren\/#primaryimage"},"image":{"@id":"https:\/\/englishbreak.eu\/en\/lauren\/#primaryimage"},"thumbnailUrl":"https:\/\/englishbreak.eu\/en\/wp-content\/uploads\/2024\/05\/lauren-borick.jpg","datePublished":"2024-05-06T08:25:15+00:00","dateModified":"2025-07-14T07:20:31+00:00","breadcrumb":{"@id":"https:\/\/englishbreak.eu\/en\/lauren\/#breadcrumb"},"inLanguage":"en-US","potentialAction":[{"@type":"ReadAction","target":["https:\/\/englishbreak.eu\/en\/lauren\/"]}]},{"@type":"ImageObject","inLanguage":"en-US","@id":"https:\/\/englishbreak.eu\/en\/lauren\/#primaryimage","url":"https:\/\/englishbreak.eu\/en\/wp-content\/uploads\/2024\/05\/lauren-borick.jpg","contentUrl":"https:\/\/englishbreak.eu\/en\/wp-content\/uploads\/2024\/05\/lauren-borick.jpg","width":450,"height":500,"caption":"lauren borick english tutor"},{"@type":"BreadcrumbList","@id":"https:\/\/englishbreak.eu\/en\/lauren\/#breadcrumb","itemListElement":[{"@type":"ListItem","position":1,"name":"Home","item":"https:\/\/englishbreak.eu\/en\/"},{"@type":"ListItem","position":2,"name":"Lauren"}]},{"@type":"WebSite","@id":"https:\/\/englishbreak.eu\/en\/#website","url":"https:\/\/englishbreak.eu\/en\/","name":"English Break","description":"Angielski Rzesz\u00f3w, Kursy Angielskiego Rzesz\u00f3w, Angielski online Rzesz\u00f3w","publisher":{"@id":"https:\/\/englishbreak.eu\/en\/#organization"},"potentialAction":[{"@type":"SearchAction","target":{"@type":"EntryPoint","urlTemplate":"https:\/\/englishbreak.eu\/en\/?s={search_term_string}"},"query-input":{"@type":"PropertyValueSpecification","valueRequired":true,"valueName":"search_term_string"}}],"inLanguage":"en-US"},{"@type":"Organization","@id":"https:\/\/englishbreak.eu\/en\/#organization","name":"English Break","url":"https:\/\/englishbreak.eu\/en\/","logo":{"@type":"ImageObject","inLanguage":"en-US","@id":"https:\/\/englishbreak.eu\/en\/#\/schema\/logo\/image\/","url":"https:\/\/englishbreak.eu\/en\/wp-content\/uploads\/2024\/03\/EnglishBreak_logo_2-e1708678453457.png","contentUrl":"https:\/\/englishbreak.eu\/en\/wp-content\/uploads\/2024\/03\/EnglishBreak_logo_2-e1708678453457.png","width":635,"height":288,"caption":"English Break"},"image":{"@id":"https:\/\/englishbreak.eu\/en\/#\/schema\/logo\/image\/"}}]}},"_links":{"self":[{"href":"https:\/\/englishbreak.eu\/en\/wp-json\/wp\/v2\/pages\/3175","targetHints":{"allow":["GET"]}}],"collection":[{"href":"https:\/\/englishbreak.eu\/en\/wp-json\/wp\/v2\/pages"}],"about":[{"href":"https:\/\/englishbreak.eu\/en\/wp-json\/wp\/v2\/types\/page"}],"author":[{"embeddable":true,"href":"https:\/\/englishbreak.eu\/en\/wp-json\/wp\/v2\/users\/3"}],"replies":[{"embeddable":true,"href":"https:\/\/englishbreak.eu\/en\/wp-json\/wp\/v2\/comments?post=3175"}],"version-history":[{"count":8,"href":"https:\/\/englishbreak.eu\/en\/wp-json\/wp\/v2\/pages\/3175\/revisions"}],"predecessor-version":[{"id":3268,"href":"https:\/\/englishbreak.eu\/en\/wp-json\/wp\/v2\/pages\/3175\/revisions\/3268"}],"wp:attachment":[{"href":"https:\/\/englishbreak.eu\/en\/wp-json\/wp\/v2\/media?parent=3175"}],"curies":[{"name":"wp","href":"https:\/\/api.w.org\/{rel}","templated":true}]}}